{"id":10629,"date":"2020-10-05T09:17:23","date_gmt":"2020-10-05T08:17:23","guid":{"rendered":"https:\/\/villena.salesianos.edu\/colegio\/?page_id=10629"},"modified":"2020-10-05T09:17:26","modified_gmt":"2020-10-05T08:17:26","slug":"cambio-en-el-inicio-de-las-actividades-extraescolares","status":"publish","type":"page","link":"https:\/\/villena.salesianos.edu\/colegio\/cambio-en-el-inicio-de-las-actividades-extraescolares\/","title":{"rendered":"Cambio en el Inicio de las Actividades Extraescolares"},"content":{"rendered":"<div id=\"fb-root\"><\/div>\n<p>[et_pb_section fb_built=\u00bb1&#8243; _builder_version=\u00bb4.6.1&#8243; _module_preset=\u00bbdefault\u00bb][et_pb_row admin_label=\u00bbrow\u00bb _builder_version=\u00bb3.25&#8243; background_size=\u00bbinitial\u00bb background_position=\u00bbtop_left\u00bb background_repeat=\u00bbrepeat\u00bb locked=\u00bboff\u00bb][et_pb_column type=\u00bb4_4&#8243; _builder_version=\u00bb3.25&#8243; custom_padding=\u00bb|||\u00bb custom_padding__hover=\u00bb|||\u00bb][et_pb_text admin_label=\u00bbEntradilla (Texto)\u00bb _builder_version=\u00bb4.6.1&#8243; text_font=\u00bb|on|||\u00bb text_orientation=\u00bbjustified\u00bb hover_enabled=\u00bb0&#8243; border_style=\u00bbsolid\u00bb sticky_enabled=\u00bb0&#8243;]<\/p>\n<p><b>Las actividades Extraescolares retrasan su inicio al jueves 15 de Octubre.<\/b><\/p>\n<p>[\/et_pb_text][et_pb_text admin_label=\u00bbAutor (Texto)\u00bb _builder_version=\u00bb4.6.1&#8243; text_font=\u00bb||on||\u00bb hover_enabled=\u00bb0&#8243; border_style=\u00bbsolid\u00bb sticky_enabled=\u00bb0&#8243;]<\/p>\n<p><em>Por Direcci\u00f3n del Centro<\/em><\/p>\n<p>[\/et_pb_text][et_pb_text admin_label=\u00bbDesarrollo (Texto)\u00bb _builder_version=\u00bb4.6.1&#8243; text_orientation=\u00bbjustified\u00bb hover_enabled=\u00bb0&#8243; border_style=\u00bbsolid\u00bb sticky_enabled=\u00bb0&#8243;]<\/p>\n<p>El pasado viernes nuestro M.I. Ayuntamiento de Villena, sac\u00f3 una nueva resoluci\u00f3n donde se <b>AMPL\u00cdAN LAS MEDIDAS ADICIONALES DE PREVENCI\u00d3N DE CONTAGIOS POR COVID 19<\/b>\u00a0hasta el 14 DE OCTUBRE.\u00a0<\/p>\n<h2>Por tanto las\u00a0<b>ACTIVIDADES EXTRAESCOLARES<\/b>\u00a0comenzar\u00e1n el<b>\u00a0JUEVES 15 DE OCTUBRE.<\/b><\/h2>\n<p>[\/et_pb_text][et_pb_text disabled_on=\u00bbon|on|on\u00bb admin_label=\u00bbT\u00edtulo: Galer\u00eda de fotos (Texto)\u00bb _builder_version=\u00bb3.27.4&#8243; text_font=\u00bb|on|||\u00bb text_text_color=\u00bb#dc001b\u00bb border_style=\u00bbsolid\u00bb disabled=\u00bbon\u00bb]Galer\u00eda de im\u00e1genes<br \/>\n[\/et_pb_text][et_pb_gallery posts_number=\u00bb8&#8243; show_title_and_caption=\u00bboff\u00bb zoom_icon_color=\u00bb#dc001b\u00bb hover_icon=\u00bb%%51%%\u00bb disabled_on=\u00bbon|on|on\u00bb admin_label=\u00bbGaler\u00eda\u00bb _builder_version=\u00bb3.0.87&#8243; border_style=\u00bbsolid\u00bb disabled=\u00bbon\u00bb][\/et_pb_gallery][et_pb_video disabled_on=\u00bbon|on|on\u00bb admin_label=\u00bbV\u00eddeo\u00bb _builder_version=\u00bb3.0.51&#8243; disabled=\u00bbon\u00bb][\/et_pb_video][\/et_pb_column][\/et_pb_row][\/et_pb_section]<\/p>\n","protected":false},"excerpt":{"rendered":"<p>Las actividades Extraescolares retrasan su inicio al jueves 15 de Octubre. Por Direcci\u00f3n del Centro El pasado viernes nuestro M.I. Ayuntamiento de Villena, sac\u00f3 una nueva resoluci\u00f3n donde se AMPL\u00cdAN LAS MEDIDAS ADICIONALES DE PREVENCI\u00d3N DE CONTAGIOS POR COVID 19\u00a0hasta el 14 DE OCTUBRE.\u00a0 Por tanto las\u00a0ACTIVIDADES EXTRAESCOLARES\u00a0comenzar\u00e1n el\u00a0JUEVES 15 DE OCTUBRE. Galer\u00eda de im\u00e1genes<\/p>\n","protected":false},"author":2,"featured_media":9029,"parent":0,"menu_order":0,"comment_status":"closed","ping_status":"closed","template":"","meta":{"_et_pb_use_builder":"on","_et_pb_old_content":"","_et_gb_content_width":"","footnotes":""},"class_list":["post-10629","page","type-page","status-publish","has-post-thumbnail","hentry"],"yoast_head":"<!-- This site is optimized with the Yoast SEO plugin v27.4 - https:\/\/yoast.com\/product\/yoast-seo-wordpress\/ -->\n<title>Cambio en el Inicio de las Actividades Extraescolares - Colegio Salesiano M\u00aa Auxiliadora Villena<\/title>\n<meta name=\"robots\" content=\"index, follow, max-snippet:-1, max-image-preview:large, max-video-preview:-1\" \/>\n<link rel=\"canonical\" href=\"https:\/\/villena.salesianos.edu\/colegio\/cambio-en-el-inicio-de-las-actividades-extraescolares\/\" \/>\n<meta property=\"og:locale\" content=\"es_ES\" \/>\n<meta property=\"og:type\" content=\"article\" \/>\n<meta property=\"og:title\" content=\"Cambio en el Inicio de las Actividades Extraescolares - Colegio Salesiano M\u00aa Auxiliadora Villena\" \/>\n<meta property=\"og:description\" content=\"Las actividades Extraescolares retrasan su inicio al jueves 15 de Octubre. Por Direcci\u00f3n del Centro El pasado viernes nuestro M.I. Ayuntamiento de Villena, sac\u00f3 una nueva resoluci\u00f3n donde se AMPL\u00cdAN LAS MEDIDAS ADICIONALES DE PREVENCI\u00d3N DE CONTAGIOS POR COVID 19\u00a0hasta el 14 DE OCTUBRE.\u00a0 Por tanto las\u00a0ACTIVIDADES EXTRAESCOLARES\u00a0comenzar\u00e1n el\u00a0JUEVES 15 DE OCTUBRE. Galer\u00eda de im\u00e1genes\" \/>\n<meta property=\"og:url\" content=\"https:\/\/villena.salesianos.edu\/colegio\/cambio-en-el-inicio-de-las-actividades-extraescolares\/\" \/>\n<meta property=\"og:site_name\" content=\"Colegio Salesiano M\u00aa Auxiliadora Villena\" \/>\n<meta property=\"article:modified_time\" content=\"2020-10-05T08:17:26+00:00\" \/>\n<meta property=\"og:image\" content=\"https:\/\/villena.salesianos.edu\/colegio\/wp-content\/uploads\/sites\/3\/2019\/06\/Portada.jpg\" \/>\n\t<meta property=\"og:image:width\" content=\"827\" \/>\n\t<meta property=\"og:image:height\" content=\"201\" \/>\n\t<meta property=\"og:image:type\" content=\"image\/jpeg\" \/>\n<meta name=\"twitter:card\" content=\"summary_large_image\" \/>\n<meta name=\"twitter:label1\" content=\"Tiempo de lectura\" \/>\n\t<meta name=\"twitter:data1\" content=\"1 minuto\" \/>\n<script type=\"application\/ld+json\" class=\"yoast-schema-graph\">{\"@context\":\"https:\\\/\\\/schema.org\",\"@graph\":[{\"@type\":\"WebPage\",\"@id\":\"https:\\\/\\\/villena.salesianos.edu\\\/colegio\\\/cambio-en-el-inicio-de-las-actividades-extraescolares\\\/\",\"url\":\"https:\\\/\\\/villena.salesianos.edu\\\/colegio\\\/cambio-en-el-inicio-de-las-actividades-extraescolares\\\/\",\"name\":\"Cambio en el Inicio de las Actividades Extraescolares - Colegio Salesiano M\u00aa Auxiliadora Villena\",\"isPartOf\":{\"@id\":\"https:\\\/\\\/villena.salesianos.edu\\\/colegio\\\/#website\"},\"primaryImageOfPage\":{\"@id\":\"https:\\\/\\\/villena.salesianos.edu\\\/colegio\\\/cambio-en-el-inicio-de-las-actividades-extraescolares\\\/#primaryimage\"},\"image\":{\"@id\":\"https:\\\/\\\/villena.salesianos.edu\\\/colegio\\\/cambio-en-el-inicio-de-las-actividades-extraescolares\\\/#primaryimage\"},\"thumbnailUrl\":\"https:\\\/\\\/villena.salesianos.edu\\\/colegio\\\/wp-content\\\/uploads\\\/sites\\\/3\\\/2019\\\/06\\\/Portada.jpg\",\"datePublished\":\"2020-10-05T08:17:23+00:00\",\"dateModified\":\"2020-10-05T08:17:26+00:00\",\"breadcrumb\":{\"@id\":\"https:\\\/\\\/villena.salesianos.edu\\\/colegio\\\/cambio-en-el-inicio-de-las-actividades-extraescolares\\\/#breadcrumb\"},\"inLanguage\":\"es\",\"potentialAction\":[{\"@type\":\"ReadAction\",\"target\":[\"https:\\\/\\\/villena.salesianos.edu\\\/colegio\\\/cambio-en-el-inicio-de-las-actividades-extraescolares\\\/\"]}]},{\"@type\":\"ImageObject\",\"inLanguage\":\"es\",\"@id\":\"https:\\\/\\\/villena.salesianos.edu\\\/colegio\\\/cambio-en-el-inicio-de-las-actividades-extraescolares\\\/#primaryimage\",\"url\":\"https:\\\/\\\/villena.salesianos.edu\\\/colegio\\\/wp-content\\\/uploads\\\/sites\\\/3\\\/2019\\\/06\\\/Portada.jpg\",\"contentUrl\":\"https:\\\/\\\/villena.salesianos.edu\\\/colegio\\\/wp-content\\\/uploads\\\/sites\\\/3\\\/2019\\\/06\\\/Portada.jpg\",\"width\":827,\"height\":201},{\"@type\":\"BreadcrumbList\",\"@id\":\"https:\\\/\\\/villena.salesianos.edu\\\/colegio\\\/cambio-en-el-inicio-de-las-actividades-extraescolares\\\/#breadcrumb\",\"itemListElement\":[{\"@type\":\"ListItem\",\"position\":1,\"name\":\"Portada\",\"item\":\"https:\\\/\\\/villena.salesianos.edu\\\/colegio\\\/\"},{\"@type\":\"ListItem\",\"position\":2,\"name\":\"Cambio en el Inicio de las Actividades Extraescolares\"}]},{\"@type\":\"WebSite\",\"@id\":\"https:\\\/\\\/villena.salesianos.edu\\\/colegio\\\/#website\",\"url\":\"https:\\\/\\\/villena.salesianos.edu\\\/colegio\\\/\",\"name\":\"Colegio Salesiano M\u00aa Auxiliadora Villena\",\"description\":\"P\u00e1gina oficial Salesianos Villena\",\"potentialAction\":[{\"@type\":\"SearchAction\",\"target\":{\"@type\":\"EntryPoint\",\"urlTemplate\":\"https:\\\/\\\/villena.salesianos.edu\\\/colegio\\\/?s={search_term_string}\"},\"query-input\":{\"@type\":\"PropertyValueSpecification\",\"valueRequired\":true,\"valueName\":\"search_term_string\"}}],\"inLanguage\":\"es\"}]}<\/script>\n<!-- \/ Yoast SEO plugin. -->","yoast_head_json":{"title":"Cambio en el Inicio de las Actividades Extraescolares - Colegio Salesiano M\u00aa Auxiliadora Villena","robots":{"index":"index","follow":"follow","max-snippet":"max-snippet:-1","max-image-preview":"max-image-preview:large","max-video-preview":"max-video-preview:-1"},"canonical":"https:\/\/villena.salesianos.edu\/colegio\/cambio-en-el-inicio-de-las-actividades-extraescolares\/","og_locale":"es_ES","og_type":"article","og_title":"Cambio en el Inicio de las Actividades Extraescolares - Colegio Salesiano M\u00aa Auxiliadora Villena","og_description":"Las actividades Extraescolares retrasan su inicio al jueves 15 de Octubre. Por Direcci\u00f3n del Centro El pasado viernes nuestro M.I. Ayuntamiento de Villena, sac\u00f3 una nueva resoluci\u00f3n donde se AMPL\u00cdAN LAS MEDIDAS ADICIONALES DE PREVENCI\u00d3N DE CONTAGIOS POR COVID 19\u00a0hasta el 14 DE OCTUBRE.\u00a0 Por tanto las\u00a0ACTIVIDADES EXTRAESCOLARES\u00a0comenzar\u00e1n el\u00a0JUEVES 15 DE OCTUBRE. Galer\u00eda de im\u00e1genes","og_url":"https:\/\/villena.salesianos.edu\/colegio\/cambio-en-el-inicio-de-las-actividades-extraescolares\/","og_site_name":"Colegio Salesiano M\u00aa Auxiliadora Villena","article_modified_time":"2020-10-05T08:17:26+00:00","og_image":[{"width":827,"height":201,"url":"https:\/\/villena.salesianos.edu\/colegio\/wp-content\/uploads\/sites\/3\/2019\/06\/Portada.jpg","type":"image\/jpeg"}],"twitter_card":"summary_large_image","twitter_misc":{"Tiempo de lectura":"1 minuto"},"schema":{"@context":"https:\/\/schema.org","@graph":[{"@type":"WebPage","@id":"https:\/\/villena.salesianos.edu\/colegio\/cambio-en-el-inicio-de-las-actividades-extraescolares\/","url":"https:\/\/villena.salesianos.edu\/colegio\/cambio-en-el-inicio-de-las-actividades-extraescolares\/","name":"Cambio en el Inicio de las Actividades Extraescolares - Colegio Salesiano M\u00aa Auxiliadora Villena","isPartOf":{"@id":"https:\/\/villena.salesianos.edu\/colegio\/#website"},"primaryImageOfPage":{"@id":"https:\/\/villena.salesianos.edu\/colegio\/cambio-en-el-inicio-de-las-actividades-extraescolares\/#primaryimage"},"image":{"@id":"https:\/\/villena.salesianos.edu\/colegio\/cambio-en-el-inicio-de-las-actividades-extraescolares\/#primaryimage"},"thumbnailUrl":"https:\/\/villena.salesianos.edu\/colegio\/wp-content\/uploads\/sites\/3\/2019\/06\/Portada.jpg","datePublished":"2020-10-05T08:17:23+00:00","dateModified":"2020-10-05T08:17:26+00:00","breadcrumb":{"@id":"https:\/\/villena.salesianos.edu\/colegio\/cambio-en-el-inicio-de-las-actividades-extraescolares\/#breadcrumb"},"inLanguage":"es","potentialAction":[{"@type":"ReadAction","target":["https:\/\/villena.salesianos.edu\/colegio\/cambio-en-el-inicio-de-las-actividades-extraescolares\/"]}]},{"@type":"ImageObject","inLanguage":"es","@id":"https:\/\/villena.salesianos.edu\/colegio\/cambio-en-el-inicio-de-las-actividades-extraescolares\/#primaryimage","url":"https:\/\/villena.salesianos.edu\/colegio\/wp-content\/uploads\/sites\/3\/2019\/06\/Portada.jpg","contentUrl":"https:\/\/villena.salesianos.edu\/colegio\/wp-content\/uploads\/sites\/3\/2019\/06\/Portada.jpg","width":827,"height":201},{"@type":"BreadcrumbList","@id":"https:\/\/villena.salesianos.edu\/colegio\/cambio-en-el-inicio-de-las-actividades-extraescolares\/#breadcrumb","itemListElement":[{"@type":"ListItem","position":1,"name":"Portada","item":"https:\/\/villena.salesianos.edu\/colegio\/"},{"@type":"ListItem","position":2,"name":"Cambio en el Inicio de las Actividades Extraescolares"}]},{"@type":"WebSite","@id":"https:\/\/villena.salesianos.edu\/colegio\/#website","url":"https:\/\/villena.salesianos.edu\/colegio\/","name":"Colegio Salesiano M\u00aa Auxiliadora Villena","description":"P\u00e1gina oficial Salesianos Villena","potentialAction":[{"@type":"SearchAction","target":{"@type":"EntryPoint","urlTemplate":"https:\/\/villena.salesianos.edu\/colegio\/?s={search_term_string}"},"query-input":{"@type":"PropertyValueSpecification","valueRequired":true,"valueName":"search_term_string"}}],"inLanguage":"es"}]}},"_links":{"self":[{"href":"https:\/\/villena.salesianos.edu\/colegio\/wp-json\/wp\/v2\/pages\/10629","targetHints":{"allow":["GET"]}}],"collection":[{"href":"https:\/\/villena.salesianos.edu\/colegio\/wp-json\/wp\/v2\/pages"}],"about":[{"href":"https:\/\/villena.salesianos.edu\/colegio\/wp-json\/wp\/v2\/types\/page"}],"author":[{"embeddable":true,"href":"https:\/\/villena.salesianos.edu\/colegio\/wp-json\/wp\/v2\/users\/2"}],"replies":[{"embeddable":true,"href":"https:\/\/villena.salesianos.edu\/colegio\/wp-json\/wp\/v2\/comments?post=10629"}],"version-history":[{"count":2,"href":"https:\/\/villena.salesianos.edu\/colegio\/wp-json\/wp\/v2\/pages\/10629\/revisions"}],"predecessor-version":[{"id":10632,"href":"https:\/\/villena.salesianos.edu\/colegio\/wp-json\/wp\/v2\/pages\/10629\/revisions\/10632"}],"wp:featuredmedia":[{"embeddable":true,"href":"https:\/\/villena.salesianos.edu\/colegio\/wp-json\/wp\/v2\/media\/9029"}],"wp:attachment":[{"href":"https:\/\/villena.salesianos.edu\/colegio\/wp-json\/wp\/v2\/media?parent=10629"}],"curies":[{"name":"wp","href":"https:\/\/api.w.org\/{rel}","templated":true}]}}