{"id":2600,"date":"2017-06-29T08:40:59","date_gmt":"2017-06-29T07:40:59","guid":{"rendered":"https:\/\/villena.salesianos.edu\/colegio\/?page_id=2600"},"modified":"2018-05-18T09:36:59","modified_gmt":"2018-05-18T08:36:59","slug":"saludocoordinadora","status":"publish","type":"page","link":"https:\/\/villena.salesianos.edu\/colegio\/saludocoordinadora\/","title":{"rendered":"Saludo de la Coordinadora Infantil"},"content":{"rendered":"<div id=\"fb-root\"><\/div>\n<p>[et_pb_section bb_built=\u00bb1&#8243; fullwidth=\u00bbon\u00bb specialty=\u00bboff\u00bb][et_pb_fullwidth_header admin_label=\u00bbT\u00edtulo anchura completa\u00bb title=\u00bbSaludo Coordinadora Infantil\u00bb background_layout=\u00bblight\u00bb text_orientation=\u00bbleft\u00bb header_fullscreen=\u00bboff\u00bb header_scroll_down=\u00bboff\u00bb background_url=\u00bbhttps:\/\/inspectoria.salesianos.edu\/wp-content\/uploads\/2017\/02\/ImagenPAGINA01.png\u00bb content_orientation=\u00bbcenter\u00bb image_orientation=\u00bbcenter\u00bb title_font_color=\u00bb#ffffff\u00bb custom_button_one=\u00bboff\u00bb button_one_letter_spacing=\u00bb0&#8243; button_one_icon_placement=\u00bbright\u00bb button_one_letter_spacing_hover=\u00bb0&#8243; custom_button_two=\u00bboff\u00bb button_two_letter_spacing=\u00bb0&#8243; button_two_icon_placement=\u00bbright\u00bb button_two_letter_spacing_hover=\u00bb0&#8243; module_class=\u00bbpagina-imagen-cabecera\u00bb title_font_size=\u00bb40px\u00bb background_image=\u00bbhttps:\/\/villena.salesianos.edu\/colegio\/wp-content\/uploads\/sites\/3\/2017\/06\/2talleres03.jpg\u00bb _builder_version=\u00bb3.0.51&#8243; title_text_color=\u00bb#ffffff\u00bb \/][\/et_pb_section][et_pb_section bb_built=\u00bb1&#8243; fullwidth=\u00bboff\u00bb specialty=\u00bboff\u00bb transparent_background=\u00bboff\u00bb allow_player_pause=\u00bboff\u00bb inner_shadow=\u00bboff\u00bb parallax=\u00bboff\u00bb parallax_method=\u00bboff\u00bb custom_padding=\u00bb-4%|||\u00bb make_fullwidth=\u00bboff\u00bb use_custom_width=\u00bboff\u00bb width_unit=\u00bbon\u00bb make_equal=\u00bboff\u00bb use_custom_gutter=\u00bboff\u00bb module_class=\u00bbpagina-seccion-contenido\u00bb][et_pb_row make_fullwidth=\u00bboff\u00bb use_custom_width=\u00bboff\u00bb width_unit=\u00bbon\u00bb use_custom_gutter=\u00bboff\u00bb allow_player_pause=\u00bboff\u00bb parallax=\u00bboff\u00bb parallax_method=\u00bboff\u00bb make_equal=\u00bboff\u00bb parallax_1=\u00bboff\u00bb parallax_method_1=\u00bboff\u00bb module_class=\u00bbpagina-texto\u00bb background_position=\u00bbtop_left\u00bb background_repeat=\u00bbrepeat\u00bb background_size=\u00bbinitial\u00bb][et_pb_column type=\u00bb4_4&#8243;][et_pb_text background_layout=\u00bblight\u00bb text_orientation=\u00bbjustified\u00bb _builder_version=\u00bb3.0.92&#8243;]<\/p>\n<h1 class=\"entry-title\"><\/h1>\n<div class=\"et_pb_text et_pb_module et_pb_bg_layout_light et_pb_text_align_justified et_pb_text_0\">\n<div class=\"et_pb_text_inner\">\n<blockquote><p><strong>LA COORDINADORA DE INFANTIL LES SALUDA Y LES DA LA BIENVENIDA A LA ETAPA DE EDUCACI\u00d3N INFANTIL:<\/strong><\/p><\/blockquote>\n<\/div>\n<\/div>\n<div id=\"attachment_6639\" style=\"width: 160px\" class=\"wp-caption alignleft\"><img loading=\"lazy\" decoding=\"async\" aria-describedby=\"caption-attachment-6639\" class=\"wp-image-6639 size-thumbnail\" src=\"https:\/\/villena.salesianos.edu\/colegio\/wp-content\/uploads\/sites\/3\/2018\/05\/Iba\u0301n\u0303ez-Ribes-Isabel-Mari\u0301a-150x150.jpg\" alt=\"\" width=\"150\" height=\"150\" \/><p id=\"caption-attachment-6639\" class=\"wp-caption-text\">Isabel M\u00aa Ib\u00e1\u00f1ez Coordinadora Ed. Infantil<\/p><\/div>\n<p align=\"justify\">La finalidad de esta etapa es aprovechar al m\u00e1ximo las posibilidades de desarrollo del ni\u00f1o, potenci\u00e1ndolas y afianz\u00e1ndolas a trav\u00e9s de la acci\u00f3n educativa, as\u00ed, como dotar a los ni\u00f1os de las competencias, destrezas, habilidades, actitudes y aptitudes consiguiendo que el propio ni\u00f1o sea el autor de su proceso educativo. Facilitando as\u00ed su posterior adaptaci\u00f3n a la Educaci\u00f3n Primaria. Adem\u00e1s otra finalidad que nos parece fundamental y necesaria es la felicidad del ni\u00f1o en la escuela.<\/p>\n<p align=\"justify\">Es una tarea dif\u00edcil de asumir si no se cuenta con un gran equipo. Nuestro equipo no es un conjunto de personas que trabajan y luego se re\u00fanen, sino que, es un proceso de b\u00fasqueda, de an\u00e1lisis e investigaci\u00f3n en com\u00fan, como parte de una pr\u00e1ctica educativa que cada uno de los profesores desarrolla con su grupo. Este trabajo en com\u00fan del profesorado con unas l\u00edneas comunes de actuaci\u00f3n, consensuadas por todos es una pieza clave que sustenta el proyecto educativo.<\/p>\n<p align=\"justify\">Tambi\u00e9n hacemos participe a las familias como miembros fundamentales de la educaci\u00f3n de sus hijos.<\/p>\n<p align=\"justify\">\u201cEDUCAR LA MENTE SIN EDUCAR EL CORAZON NO ES EDUCACI\u00d3N EN ABSOLUTO.\u201d <i>A<\/i><i>rist\u00f3teles<\/i><\/p>\n<hr \/>\n<p>[\/et_pb_text][\/et_pb_column][\/et_pb_row][\/et_pb_section][et_pb_section bb_built=\u00bb1&#8243; fullwidth=\u00bboff\u00bb specialty=\u00bboff\u00bb][et_pb_row make_fullwidth=\u00bbon\u00bb parallax_method=\u00bboff\u00bb parallax_method_1=\u00bboff\u00bb parallax_2=\u00bboff\u00bb parallax_method_2=\u00bboff\u00bb parallax_3=\u00bboff\u00bb parallax_method_3=\u00bboff\u00bb parallax_4=\u00bboff\u00bb parallax_method_4=\u00bboff\u00bb module_class=\u00bbcuatro-columnas\u00bb padding_mobile=\u00bboff\u00bb column_padding_mobile=\u00bbon\u00bb background_position=\u00bbtop_left\u00bb background_repeat=\u00bbrepeat\u00bb background_size=\u00bbinitial\u00bb _builder_version=\u00bb3.0.51&#8243; background_position_1=\u00bbtop_left\u00bb background_repeat_1=\u00bbno-repeat\u00bb][et_pb_column type=\u00bb4_4&#8243;][et_pb_blurb admin_label=\u00bbSaludo de la Coordinadora\u00bb title=\u00bbSaludo de la Coordinadora\u00bb url_new_window=\u00bboff\u00bb use_icon=\u00bbon\u00bb font_icon=\u00bb%%65%%\u00bb use_circle=\u00bbon\u00bb circle_color=\u00bb#ffffff\u00bb use_circle_border=\u00bbon\u00bb circle_border_color=\u00bb#727272&#8243; icon_placement=\u00bbtop\u00bb animation=\u00bbtop\u00bb background_layout=\u00bblight\u00bb text_orientation=\u00bbcenter\u00bb use_icon_font_size=\u00bboff\u00bb border_style=\u00bbsolid\u00bb body_font_size=\u00bb24&#8243; url=\u00bbhttps:\/\/villena.salesianos.edu\/colegio\/saludocoordinadora\/\u00bb header_font=\u00bbArial||||\u00bb header_font_size=\u00bb14&#8243; background_position=\u00bbtop_left\u00bb background_repeat=\u00bbrepeat\u00bb background_size=\u00bbinitial\u00bb _builder_version=\u00bb3.0.51&#8243; header_text_color=\u00bb#727272&#8243; \/][et_pb_blurb admin_label=\u00bbEquipo de Trabajo\u00bb title=\u00bbEquipo de Trabajo\u00bb url_new_window=\u00bboff\u00bb use_icon=\u00bbon\u00bb font_icon=\u00bb%%259%%\u00bb use_circle=\u00bbon\u00bb circle_color=\u00bb#ffffff\u00bb use_circle_border=\u00bbon\u00bb icon_placement=\u00bbtop\u00bb animation=\u00bbtop\u00bb background_layout=\u00bblight\u00bb text_orientation=\u00bbcenter\u00bb use_icon_font_size=\u00bboff\u00bb border_style=\u00bbsolid\u00bb body_font_size=\u00bb24&#8243; url=\u00bbhttps:\/\/villena.salesianos.edu\/colegio\/equipotrabajoinfantil\u00bb header_font_size=\u00bb14&#8243; background_position=\u00bbtop_left\u00bb background_repeat=\u00bbrepeat\u00bb background_size=\u00bbinitial\u00bb _builder_version=\u00bb3.0.51&#8243; circle_border_color=\u00bb#727272&#8243; header_text_color=\u00bb#727272&#8243; background_image=\u00bbhttps:\/\/villena.salesianos.edu\/colegio\/wp-content\/uploads\/sites\/3\/2017\/06\/equipoinfantil01.jpg\u00bb \/][et_pb_blurb admin_label=\u00bbOferta Educativa\u00bb title=\u00bbOferta Educativa\u00bb url_new_window=\u00bboff\u00bb use_icon=\u00bbon\u00bb font_icon=\u00bb%%51%%\u00bb use_circle=\u00bbon\u00bb circle_color=\u00bb#ffffff\u00bb use_circle_border=\u00bbon\u00bb circle_border_color=\u00bb#727272&#8243; icon_placement=\u00bbtop\u00bb animation=\u00bbtop\u00bb background_layout=\u00bblight\u00bb text_orientation=\u00bbcenter\u00bb use_icon_font_size=\u00bboff\u00bb border_style=\u00bbsolid\u00bb body_font_size=\u00bb24&#8243; header_font_size=\u00bb14&#8243; background_position=\u00bbtop_left\u00bb background_repeat=\u00bbrepeat\u00bb background_size=\u00bbinitial\u00bb _builder_version=\u00bb3.0.51&#8243; url=\u00bbhttps:\/\/villena.salesianos.edu\/colegio\/oferta\/\u00bb header_text_color=\u00bb#727272&#8243; \/][et_pb_blurb admin_label=\u00bbActividades\u00bb title=\u00bbActividades\u00bb url_new_window=\u00bboff\u00bb use_icon=\u00bbon\u00bb font_icon=\u00bb%%86%%\u00bb use_circle=\u00bbon\u00bb circle_color=\u00bb#ffffff\u00bb use_circle_border=\u00bbon\u00bb circle_border_color=\u00bb#727272&#8243; icon_placement=\u00bbtop\u00bb animation=\u00bbtop\u00bb background_layout=\u00bblight\u00bb text_orientation=\u00bbcenter\u00bb use_icon_font_size=\u00bboff\u00bb border_style=\u00bbsolid\u00bb body_font_size=\u00bb24&#8243; header_font_size=\u00bb14&#8243; background_position=\u00bbtop_left\u00bb background_repeat=\u00bbrepeat\u00bb background_size=\u00bbinitial\u00bb _builder_version=\u00bb3.0.51&#8243; url=\u00bbhttps:\/\/villena.salesianos.edu\/colegio\/actividadesinfantil\u00bb header_text_color=\u00bb#727272&#8243; \/][\/et_pb_column][\/et_pb_row][\/et_pb_section]<\/p>\n","protected":false},"excerpt":{"rendered":"<p>LA COORDINADORA DE INFANTIL LES SALUDA Y LES DA LA BIENVENIDA A LA ETAPA DE EDUCACI\u00d3N INFANTIL: La finalidad de esta etapa es aprovechar al m\u00e1ximo las posibilidades de desarrollo del ni\u00f1o, potenci\u00e1ndolas y afianz\u00e1ndolas a trav\u00e9s de la acci\u00f3n educativa, as\u00ed, como dotar a los ni\u00f1os de las competencias, destrezas, habilidades, actitudes y aptitudes [&hellip;]<\/p>\n","protected":false},"author":2,"featured_media":2653,"parent":0,"menu_order":0,"comment_status":"closed","ping_status":"closed","template":"","meta":{"_et_pb_use_builder":"on","_et_pb_old_content":"[caption id=\"attachment_2653\" align=\"alignleft\" width=\"150\"]<img class=\"size-thumbnail wp-image-2653\" src=\"https:\/\/villena.salesianos.edu\/colegio\/wp-content\/uploads\/sites\/3\/2017\/06\/Isabel-Mari\u0301a-150x150.jpg\" alt=\"\" width=\"150\" height=\"150\" \/> Isabel M\u00aa Ib\u00e1\u00f1ez<br \/>Coordinadora<br \/>Ed. Infantil[\/caption]<p align=\"justify\">La finalidad de esta etapa es aprovechar al m\u00e1ximo las posibilidades de desarrollo del ni\u00f1o, potenci\u00e1ndolas y afianz\u00e1ndolas a trav\u00e9s de la acci\u00f3n educativa, as\u00ed, como dotar a los ni\u00f1os de las competencias, destrezas, habilidades, actitudes y aptitudes consiguiendo que el propio ni\u00f1o sea el autor de su proceso educativo. Facilitando as\u00ed su posterior adaptaci\u00f3n a la Educaci\u00f3n Primaria. Adem\u00e1s otra finalidad que nos parece fundamental y necesaria es la felicidad del ni\u00f1o en la escuela.<\/p><p align=\"justify\">Es una tarea dif\u00edcil de asumir si no se cuenta con un gran equipo. Nuestro equipo no es un conjunto de personas que trabajan y luego se re\u00fanen, sino que, es un proceso de b\u00fasqueda, de an\u00e1lisis e investigaci\u00f3n en com\u00fan, como parte de una pr\u00e1ctica educativa que cada uno de los profesores desarrolla con su grupo. Este trabajo en com\u00fan del profesorado con unas l\u00edneas comunes de actuaci\u00f3n, consensuadas por todos es una pieza clave que sustenta el proyecto educativo.<\/p><p align=\"justify\">Tambi\u00e9n hacemos participe a las familias como miembros fundamentales de la educaci\u00f3n de sus hijos.<\/p><p align=\"justify\">\u201cEDUCAR LA MENTE SIN EDUCAR EL CORAZON NO ES EDUCACI\u00d3N EN ABSOLUTO.\u201d <i>A<\/i><i>rist\u00f3teles<\/i><\/p>","_et_gb_content_width":"","footnotes":""},"class_list":["post-2600","page","type-page","status-publish","has-post-thumbnail","hentry"],"yoast_head":"<!-- This site is optimized with the Yoast SEO plugin v27.3 - https:\/\/yoast.com\/product\/yoast-seo-wordpress\/ -->\n<title>Saludo de la Coordinadora Infantil - Colegio Salesiano M\u00aa Auxiliadora Villena<\/title>\n<meta name=\"robots\" content=\"index, follow, max-snippet:-1, max-image-preview:large, max-video-preview:-1\" \/>\n<link rel=\"canonical\" href=\"https:\/\/villena.salesianos.edu\/colegio\/saludocoordinadora\/\" \/>\n<meta property=\"og:locale\" content=\"es_ES\" \/>\n<meta property=\"og:type\" content=\"article\" \/>\n<meta property=\"og:title\" content=\"Saludo de la Coordinadora Infantil - Colegio Salesiano M\u00aa Auxiliadora Villena\" \/>\n<meta property=\"og:description\" content=\"LA COORDINADORA DE INFANTIL LES SALUDA Y LES DA LA BIENVENIDA A LA ETAPA DE EDUCACI\u00d3N INFANTIL: La finalidad de esta etapa es aprovechar al m\u00e1ximo las posibilidades de desarrollo del ni\u00f1o, potenci\u00e1ndolas y afianz\u00e1ndolas a trav\u00e9s de la acci\u00f3n educativa, as\u00ed, como dotar a los ni\u00f1os de las competencias, destrezas, habilidades, actitudes y aptitudes [&hellip;]\" \/>\n<meta property=\"og:url\" content=\"https:\/\/villena.salesianos.edu\/colegio\/saludocoordinadora\/\" \/>\n<meta property=\"og:site_name\" content=\"Colegio Salesiano M\u00aa Auxiliadora Villena\" \/>\n<meta property=\"article:modified_time\" content=\"2018-05-18T08:36:59+00:00\" \/>\n<meta property=\"og:image\" content=\"https:\/\/villena.salesianos.edu\/colegio\/wp-content\/uploads\/sites\/3\/2017\/06\/Isabel-Mari\u0301a.jpg\" \/>\n\t<meta property=\"og:image:width\" content=\"984\" \/>\n\t<meta property=\"og:image:height\" content=\"1476\" \/>\n\t<meta property=\"og:image:type\" content=\"image\/jpeg\" \/>\n<meta name=\"twitter:card\" content=\"summary_large_image\" \/>\n<meta name=\"twitter:label1\" content=\"Tiempo de lectura\" \/>\n\t<meta name=\"twitter:data1\" content=\"4 minutos\" \/>\n<script type=\"application\/ld+json\" class=\"yoast-schema-graph\">{\"@context\":\"https:\\\/\\\/schema.org\",\"@graph\":[{\"@type\":\"WebPage\",\"@id\":\"https:\\\/\\\/villena.salesianos.edu\\\/colegio\\\/saludocoordinadora\\\/\",\"url\":\"https:\\\/\\\/villena.salesianos.edu\\\/colegio\\\/saludocoordinadora\\\/\",\"name\":\"Saludo de la Coordinadora Infantil - Colegio Salesiano M\u00aa Auxiliadora Villena\",\"isPartOf\":{\"@id\":\"https:\\\/\\\/villena.salesianos.edu\\\/colegio\\\/#website\"},\"primaryImageOfPage\":{\"@id\":\"https:\\\/\\\/villena.salesianos.edu\\\/colegio\\\/saludocoordinadora\\\/#primaryimage\"},\"image\":{\"@id\":\"https:\\\/\\\/villena.salesianos.edu\\\/colegio\\\/saludocoordinadora\\\/#primaryimage\"},\"thumbnailUrl\":\"https:\\\/\\\/villena.salesianos.edu\\\/colegio\\\/wp-content\\\/uploads\\\/sites\\\/3\\\/2017\\\/06\\\/Isabel-Mari\u0301a.jpg\",\"datePublished\":\"2017-06-29T07:40:59+00:00\",\"dateModified\":\"2018-05-18T08:36:59+00:00\",\"breadcrumb\":{\"@id\":\"https:\\\/\\\/villena.salesianos.edu\\\/colegio\\\/saludocoordinadora\\\/#breadcrumb\"},\"inLanguage\":\"es\",\"potentialAction\":[{\"@type\":\"ReadAction\",\"target\":[\"https:\\\/\\\/villena.salesianos.edu\\\/colegio\\\/saludocoordinadora\\\/\"]}]},{\"@type\":\"ImageObject\",\"inLanguage\":\"es\",\"@id\":\"https:\\\/\\\/villena.salesianos.edu\\\/colegio\\\/saludocoordinadora\\\/#primaryimage\",\"url\":\"https:\\\/\\\/villena.salesianos.edu\\\/colegio\\\/wp-content\\\/uploads\\\/sites\\\/3\\\/2017\\\/06\\\/Isabel-Mari\u0301a.jpg\",\"contentUrl\":\"https:\\\/\\\/villena.salesianos.edu\\\/colegio\\\/wp-content\\\/uploads\\\/sites\\\/3\\\/2017\\\/06\\\/Isabel-Mari\u0301a.jpg\",\"width\":984,\"height\":1476,\"caption\":\"Isabel M\u00aa Ib\u00e1\u00f1ez Coordinadora Ed. Infantil\"},{\"@type\":\"BreadcrumbList\",\"@id\":\"https:\\\/\\\/villena.salesianos.edu\\\/colegio\\\/saludocoordinadora\\\/#breadcrumb\",\"itemListElement\":[{\"@type\":\"ListItem\",\"position\":1,\"name\":\"Portada\",\"item\":\"https:\\\/\\\/villena.salesianos.edu\\\/colegio\\\/\"},{\"@type\":\"ListItem\",\"position\":2,\"name\":\"Saludo de la Coordinadora Infantil\"}]},{\"@type\":\"WebSite\",\"@id\":\"https:\\\/\\\/villena.salesianos.edu\\\/colegio\\\/#website\",\"url\":\"https:\\\/\\\/villena.salesianos.edu\\\/colegio\\\/\",\"name\":\"Colegio Salesiano M\u00aa Auxiliadora Villena\",\"description\":\"P\u00e1gina oficial Salesianos Villena\",\"potentialAction\":[{\"@type\":\"SearchAction\",\"target\":{\"@type\":\"EntryPoint\",\"urlTemplate\":\"https:\\\/\\\/villena.salesianos.edu\\\/colegio\\\/?s={search_term_string}\"},\"query-input\":{\"@type\":\"PropertyValueSpecification\",\"valueRequired\":true,\"valueName\":\"search_term_string\"}}],\"inLanguage\":\"es\"}]}<\/script>\n<!-- \/ Yoast SEO plugin. -->","yoast_head_json":{"title":"Saludo de la Coordinadora Infantil - Colegio Salesiano M\u00aa Auxiliadora Villena","robots":{"index":"index","follow":"follow","max-snippet":"max-snippet:-1","max-image-preview":"max-image-preview:large","max-video-preview":"max-video-preview:-1"},"canonical":"https:\/\/villena.salesianos.edu\/colegio\/saludocoordinadora\/","og_locale":"es_ES","og_type":"article","og_title":"Saludo de la Coordinadora Infantil - Colegio Salesiano M\u00aa Auxiliadora Villena","og_description":"LA COORDINADORA DE INFANTIL LES SALUDA Y LES DA LA BIENVENIDA A LA ETAPA DE EDUCACI\u00d3N INFANTIL: La finalidad de esta etapa es aprovechar al m\u00e1ximo las posibilidades de desarrollo del ni\u00f1o, potenci\u00e1ndolas y afianz\u00e1ndolas a trav\u00e9s de la acci\u00f3n educativa, as\u00ed, como dotar a los ni\u00f1os de las competencias, destrezas, habilidades, actitudes y aptitudes [&hellip;]","og_url":"https:\/\/villena.salesianos.edu\/colegio\/saludocoordinadora\/","og_site_name":"Colegio Salesiano M\u00aa Auxiliadora Villena","article_modified_time":"2018-05-18T08:36:59+00:00","og_image":[{"width":984,"height":1476,"url":"https:\/\/villena.salesianos.edu\/colegio\/wp-content\/uploads\/sites\/3\/2017\/06\/Isabel-Mari\u0301a.jpg","type":"image\/jpeg"}],"twitter_card":"summary_large_image","twitter_misc":{"Tiempo de lectura":"4 minutos"},"schema":{"@context":"https:\/\/schema.org","@graph":[{"@type":"WebPage","@id":"https:\/\/villena.salesianos.edu\/colegio\/saludocoordinadora\/","url":"https:\/\/villena.salesianos.edu\/colegio\/saludocoordinadora\/","name":"Saludo de la Coordinadora Infantil - Colegio Salesiano M\u00aa Auxiliadora Villena","isPartOf":{"@id":"https:\/\/villena.salesianos.edu\/colegio\/#website"},"primaryImageOfPage":{"@id":"https:\/\/villena.salesianos.edu\/colegio\/saludocoordinadora\/#primaryimage"},"image":{"@id":"https:\/\/villena.salesianos.edu\/colegio\/saludocoordinadora\/#primaryimage"},"thumbnailUrl":"https:\/\/villena.salesianos.edu\/colegio\/wp-content\/uploads\/sites\/3\/2017\/06\/Isabel-Mari\u0301a.jpg","datePublished":"2017-06-29T07:40:59+00:00","dateModified":"2018-05-18T08:36:59+00:00","breadcrumb":{"@id":"https:\/\/villena.salesianos.edu\/colegio\/saludocoordinadora\/#breadcrumb"},"inLanguage":"es","potentialAction":[{"@type":"ReadAction","target":["https:\/\/villena.salesianos.edu\/colegio\/saludocoordinadora\/"]}]},{"@type":"ImageObject","inLanguage":"es","@id":"https:\/\/villena.salesianos.edu\/colegio\/saludocoordinadora\/#primaryimage","url":"https:\/\/villena.salesianos.edu\/colegio\/wp-content\/uploads\/sites\/3\/2017\/06\/Isabel-Mari\u0301a.jpg","contentUrl":"https:\/\/villena.salesianos.edu\/colegio\/wp-content\/uploads\/sites\/3\/2017\/06\/Isabel-Mari\u0301a.jpg","width":984,"height":1476,"caption":"Isabel M\u00aa Ib\u00e1\u00f1ez Coordinadora Ed. Infantil"},{"@type":"BreadcrumbList","@id":"https:\/\/villena.salesianos.edu\/colegio\/saludocoordinadora\/#breadcrumb","itemListElement":[{"@type":"ListItem","position":1,"name":"Portada","item":"https:\/\/villena.salesianos.edu\/colegio\/"},{"@type":"ListItem","position":2,"name":"Saludo de la Coordinadora Infantil"}]},{"@type":"WebSite","@id":"https:\/\/villena.salesianos.edu\/colegio\/#website","url":"https:\/\/villena.salesianos.edu\/colegio\/","name":"Colegio Salesiano M\u00aa Auxiliadora Villena","description":"P\u00e1gina oficial Salesianos Villena","potentialAction":[{"@type":"SearchAction","target":{"@type":"EntryPoint","urlTemplate":"https:\/\/villena.salesianos.edu\/colegio\/?s={search_term_string}"},"query-input":{"@type":"PropertyValueSpecification","valueRequired":true,"valueName":"search_term_string"}}],"inLanguage":"es"}]}},"_links":{"self":[{"href":"https:\/\/villena.salesianos.edu\/colegio\/wp-json\/wp\/v2\/pages\/2600","targetHints":{"allow":["GET"]}}],"collection":[{"href":"https:\/\/villena.salesianos.edu\/colegio\/wp-json\/wp\/v2\/pages"}],"about":[{"href":"https:\/\/villena.salesianos.edu\/colegio\/wp-json\/wp\/v2\/types\/page"}],"author":[{"embeddable":true,"href":"https:\/\/villena.salesianos.edu\/colegio\/wp-json\/wp\/v2\/users\/2"}],"replies":[{"embeddable":true,"href":"https:\/\/villena.salesianos.edu\/colegio\/wp-json\/wp\/v2\/comments?post=2600"}],"version-history":[{"count":16,"href":"https:\/\/villena.salesianos.edu\/colegio\/wp-json\/wp\/v2\/pages\/2600\/revisions"}],"predecessor-version":[{"id":6763,"href":"https:\/\/villena.salesianos.edu\/colegio\/wp-json\/wp\/v2\/pages\/2600\/revisions\/6763"}],"wp:featuredmedia":[{"embeddable":true,"href":"https:\/\/villena.salesianos.edu\/colegio\/wp-json\/wp\/v2\/media\/2653"}],"wp:attachment":[{"href":"https:\/\/villena.salesianos.edu\/colegio\/wp-json\/wp\/v2\/media?parent=2600"}],"curies":[{"name":"wp","href":"https:\/\/api.w.org\/{rel}","templated":true}]}}