{"id":2731,"date":"2017-07-02T06:49:34","date_gmt":"2017-07-02T05:49:34","guid":{"rendered":"https:\/\/villena.salesianos.edu\/colegio\/?page_id=2731"},"modified":"2017-08-21T14:45:25","modified_gmt":"2017-08-21T13:45:25","slug":"equipotrabajoinfantil","status":"publish","type":"page","link":"https:\/\/villena.salesianos.edu\/colegio\/equipotrabajoinfantil\/","title":{"rendered":"Equipo de Trabajo Infantil"},"content":{"rendered":"<div id=\"fb-root\"><\/div>\n<p>[et_pb_section bb_built=\u00bb1&#8243; admin_label=\u00bbSecci\u00f3n\u00bb fullwidth=\u00bbon\u00bb specialty=\u00bboff\u00bb][et_pb_fullwidth_header admin_label=\u00bbT\u00edtulo de anchura completa\u00bb title=\u00bbEquipo de Trabajo\u00bb background_layout=\u00bblight\u00bb text_orientation=\u00bbleft\u00bb header_fullscreen=\u00bboff\u00bb header_scroll_down=\u00bboff\u00bb background_url=\u00bbhttps:\/\/inspectoria.salesianos.edu\/wp-content\/uploads\/2017\/02\/ImagenPAGINA01.png\u00bb content_orientation=\u00bbcenter\u00bb image_orientation=\u00bbcenter\u00bb title_font_color=\u00bb#ffffff\u00bb custom_button_one=\u00bboff\u00bb button_one_letter_spacing=\u00bb0&#8243; button_one_icon_placement=\u00bbright\u00bb button_one_letter_spacing_hover=\u00bb0&#8243; custom_button_two=\u00bboff\u00bb button_two_letter_spacing=\u00bb0&#8243; button_two_icon_placement=\u00bbright\u00bb button_two_letter_spacing_hover=\u00bb0&#8243; module_class=\u00bbpagina-imagen-cabecera\u00bb title_font_size=\u00bb40px\u00bb background_image=\u00bbhttps:\/\/villena.salesianos.edu\/colegio\/wp-content\/uploads\/sites\/3\/2017\/07\/profes04.jpg\u00bb _builder_version=\u00bb3.0.51&#8243; \/][\/et_pb_section][et_pb_section bb_built=\u00bb1&#8243; admin_label=\u00bbSecci\u00f3n\u00bb fullwidth=\u00bboff\u00bb specialty=\u00bboff\u00bb transparent_background=\u00bboff\u00bb allow_player_pause=\u00bboff\u00bb inner_shadow=\u00bboff\u00bb parallax=\u00bboff\u00bb parallax_method=\u00bboff\u00bb custom_padding=\u00bb-4%|||\u00bb make_fullwidth=\u00bboff\u00bb use_custom_width=\u00bboff\u00bb width_unit=\u00bbon\u00bb make_equal=\u00bboff\u00bb use_custom_gutter=\u00bboff\u00bb module_class=\u00bbpagina-seccion-contenido\u00bb][et_pb_row admin_label=\u00bbFila\u00bb make_fullwidth=\u00bboff\u00bb use_custom_width=\u00bboff\u00bb width_unit=\u00bbon\u00bb use_custom_gutter=\u00bboff\u00bb allow_player_pause=\u00bboff\u00bb parallax=\u00bboff\u00bb parallax_method=\u00bboff\u00bb make_equal=\u00bboff\u00bb parallax_1=\u00bboff\u00bb parallax_method_1=\u00bboff\u00bb module_class=\u00bbpagina-texto\u00bb background_position=\u00bbtop_left\u00bb background_repeat=\u00bbrepeat\u00bb background_size=\u00bbinitial\u00bb][et_pb_column type=\u00bb4_4&#8243;][et_pb_text admin_label=\u00bbTexto\u00bb background_layout=\u00bblight\u00bb text_orientation=\u00bbleft\u00bb border_style=\u00bbsolid\u00bb background_position=\u00bbtop_left\u00bb background_repeat=\u00bbrepeat\u00bb background_size=\u00bbinitial\u00bb _builder_version=\u00bb3.0.51&#8243;]<\/p>\n<p>&nbsp;<\/p>\n<div class=\"et_pb_module et_pb_post_title et_pb_post_title_0 et_pb_bg_layout_light\">\n<div class=\"et_pb_title_container\">\n<h1 class=\"entry-title\">Nuestro Equipo de Infantil<\/h1>\n<div class=\"et_pb_text et_pb_module et_pb_bg_layout_light et_pb_text_align_justified et_pb_text_0\">\n<div class=\"et_pb_text_inner\">\n<blockquote><p>Trabajamos en el <strong>Segundo Ciclo de Educaci\u00f3n Infantil\u00a0<\/strong>con ni\u00f1os desde los 3 a los 5 a\u00f1os de edad. En la etapa se ofertan 2 l\u00edneas por curso, lo que equivale a un total de 6 aulas de Educaci\u00f3n Infantil.<\/p>\n<p>&nbsp;<\/p>\n<p>El equipo de Educaci\u00f3n Infantil se configura en:<\/p><\/blockquote>\n<p>&nbsp;<\/p>\n<\/div>\n<\/div>\n<\/div>\n<\/div>\n<table>\n<tbody>\n<tr>\n<td width=\"92\">\n<p style=\"text-align: center;\">6<\/p>\n<\/td>\n<td style=\"text-align: center;\" width=\"567\"><strong>tutores titulados en Magisterio de Ed. Infantil<\/strong><\/td>\n<\/tr>\n<tr>\n<td width=\"92\">\n<p style=\"text-align: center;\">1<\/p>\n<\/td>\n<td width=\"567\">\n<p style=\"text-align: center;\"><strong>maestro de apoyo titulado en Magisterio de Ed. Infantil<\/strong><\/p>\n<\/td>\n<\/tr>\n<tr>\n<td style=\"text-align: center;\" width=\"92\">1<\/td>\n<td width=\"567\">\n<p style=\"text-align: center;\"><strong>maestro de apoyo titulado en Magisterio de Ed. Infantil<\/strong><\/p>\n<\/td>\n<\/tr>\n<tr>\n<td width=\"92\">\n<p style=\"text-align: center;\">1<\/p>\n<\/td>\n<td style=\"text-align: center;\" width=\"567\"><strong>maestro especialista en Ingl\u00e9s<\/strong><\/td>\n<\/tr>\n<tr>\n<td style=\"text-align: center;\" width=\"92\">1<\/td>\n<td width=\"567\">\n<p style=\"text-align: center;\"><strong>maestro de apoyo titulado en Magisterio de Ed. Infantil<\/strong><\/p>\n<\/td>\n<\/tr>\n<tr>\n<td style=\"text-align: center;\" width=\"92\">1<\/td>\n<td width=\"567\">\n<p style=\"text-align: center;\"><strong>maestro de Pedagog\u00eda Terap\u00e9utica<\/strong><\/p>\n<\/td>\n<\/tr>\n<tr>\n<td style=\"text-align: center;\" width=\"92\">1<\/td>\n<td width=\"567\">\n<p style=\"text-align: center;\"><strong>maestra de Audici\u00f3n y Lenguaje<\/strong><\/p>\n<\/td>\n<\/tr>\n<\/tbody>\n<\/table>\n<p>&nbsp;<\/p>\n<hr \/>\n<div id=\"attachment_2802\" style=\"width: 1025px\" class=\"wp-caption aligncenter\"><img loading=\"lazy\" decoding=\"async\" aria-describedby=\"caption-attachment-2802\" class=\"size-full wp-image-2802\" src=\"https:\/\/villena.salesianos.edu\/colegio\/wp-content\/uploads\/sites\/3\/2017\/07\/equipoinfantil02.jpg\" alt=\"\" width=\"1015\" height=\"800\" srcset=\"https:\/\/villena.salesianos.edu\/colegio\/wp-content\/uploads\/sites\/3\/2017\/07\/equipoinfantil02.jpg 1015w, https:\/\/villena.salesianos.edu\/colegio\/wp-content\/uploads\/sites\/3\/2017\/07\/equipoinfantil02-300x236.jpg 300w, https:\/\/villena.salesianos.edu\/colegio\/wp-content\/uploads\/sites\/3\/2017\/07\/equipoinfantil02-768x605.jpg 768w\" sizes=\"(max-width: 1015px) 100vw, 1015px\" \/><p id=\"caption-attachment-2802\" class=\"wp-caption-text\">Equipo Educaci\u00f3n Infantil<\/p><\/div>\n<p>[\/et_pb_text][\/et_pb_column][\/et_pb_row][\/et_pb_section][et_pb_section bb_built=\u00bb1&#8243; admin_label=\u00bbSecci\u00f3n\u00bb fullwidth=\u00bboff\u00bb specialty=\u00bboff\u00bb][et_pb_row admin_label=\u00bbFila\u00bb make_fullwidth=\u00bbon\u00bb parallax_method=\u00bboff\u00bb parallax_method_1=\u00bboff\u00bb parallax_2=\u00bboff\u00bb parallax_method_2=\u00bboff\u00bb parallax_3=\u00bboff\u00bb parallax_method_3=\u00bboff\u00bb parallax_4=\u00bboff\u00bb parallax_method_4=\u00bboff\u00bb module_class=\u00bbcuatro-columnas\u00bb padding_mobile=\u00bboff\u00bb column_padding_mobile=\u00bbon\u00bb background_position=\u00bbtop_left\u00bb background_repeat=\u00bbrepeat\u00bb background_size=\u00bbinitial\u00bb _builder_version=\u00bb3.0.51&#8243; background_position_1=\u00bbtop_left\u00bb background_repeat_1=\u00bbno-repeat\u00bb][et_pb_column type=\u00bb4_4&#8243;][et_pb_blurb admin_label=\u00bbSaludo de la Coordinadora\u00bb title=\u00bbSaludo de la Coordinadora\u00bb url_new_window=\u00bboff\u00bb use_icon=\u00bbon\u00bb font_icon=\u00bb%%65%%\u00bb use_circle=\u00bbon\u00bb circle_color=\u00bb#ffffff\u00bb use_circle_border=\u00bbon\u00bb circle_border_color=\u00bb#727272&#8243; icon_placement=\u00bbtop\u00bb animation=\u00bbtop\u00bb background_layout=\u00bblight\u00bb text_orientation=\u00bbcenter\u00bb use_icon_font_size=\u00bboff\u00bb border_style=\u00bbsolid\u00bb body_font_size=\u00bb24&#8243; url=\u00bbhttps:\/\/villena.salesianos.edu\/colegio\/saludocoordinadora\/\u00bb header_font=\u00bbArial||||\u00bb header_font_size=\u00bb14&#8243; background_position=\u00bbtop_left\u00bb background_repeat=\u00bbrepeat\u00bb background_size=\u00bbinitial\u00bb _builder_version=\u00bb3.0.51&#8243; header_text_color=\u00bb#727272&#8243; \/][et_pb_blurb admin_label=\u00bbEquipo de Trabajo\u00bb title=\u00bbEquipo de Trabajo\u00bb url_new_window=\u00bboff\u00bb use_icon=\u00bbon\u00bb font_icon=\u00bb%%259%%\u00bb use_circle=\u00bbon\u00bb circle_color=\u00bb#ffffff\u00bb use_circle_border=\u00bbon\u00bb icon_placement=\u00bbtop\u00bb animation=\u00bbtop\u00bb background_layout=\u00bblight\u00bb text_orientation=\u00bbcenter\u00bb use_icon_font_size=\u00bboff\u00bb border_style=\u00bbsolid\u00bb body_font_size=\u00bb24&#8243; url=\u00bbhttps:\/\/villena.salesianos.edu\/colegio\/equipotrabajoinfantil\u00bb header_font_size=\u00bb14&#8243; background_position=\u00bbtop_left\u00bb background_repeat=\u00bbrepeat\u00bb background_size=\u00bbinitial\u00bb _builder_version=\u00bb3.0.51&#8243; circle_border_color=\u00bb#727272&#8243; header_text_color=\u00bb#727272&#8243; background_image=\u00bbhttps:\/\/villena.salesianos.edu\/colegio\/wp-content\/uploads\/sites\/3\/2017\/06\/equipoinfantil01.jpg\u00bb \/][et_pb_blurb admin_label=\u00bbOferta Educativa\u00bb title=\u00bbOferta Educativa\u00bb url_new_window=\u00bboff\u00bb use_icon=\u00bbon\u00bb font_icon=\u00bb%%51%%\u00bb use_circle=\u00bbon\u00bb circle_color=\u00bb#ffffff\u00bb use_circle_border=\u00bbon\u00bb circle_border_color=\u00bb#727272&#8243; icon_placement=\u00bbtop\u00bb animation=\u00bbtop\u00bb background_layout=\u00bblight\u00bb text_orientation=\u00bbcenter\u00bb use_icon_font_size=\u00bboff\u00bb border_style=\u00bbsolid\u00bb body_font_size=\u00bb24&#8243; header_font_size=\u00bb14&#8243; background_position=\u00bbtop_left\u00bb background_repeat=\u00bbrepeat\u00bb background_size=\u00bbinitial\u00bb _builder_version=\u00bb3.0.51&#8243; url=\u00bbhttps:\/\/villena.salesianos.edu\/colegio\/oferta\/\u00bb header_text_color=\u00bb#727272&#8243; \/][et_pb_blurb admin_label=\u00bbActividades\u00bb title=\u00bbActividades\u00bb url_new_window=\u00bboff\u00bb use_icon=\u00bbon\u00bb font_icon=\u00bb%%86%%\u00bb use_circle=\u00bbon\u00bb circle_color=\u00bb#ffffff\u00bb use_circle_border=\u00bbon\u00bb circle_border_color=\u00bb#727272&#8243; icon_placement=\u00bbtop\u00bb animation=\u00bbtop\u00bb background_layout=\u00bblight\u00bb text_orientation=\u00bbcenter\u00bb use_icon_font_size=\u00bboff\u00bb border_style=\u00bbsolid\u00bb body_font_size=\u00bb24&#8243; header_font_size=\u00bb14&#8243; background_position=\u00bbtop_left\u00bb background_repeat=\u00bbrepeat\u00bb background_size=\u00bbinitial\u00bb _builder_version=\u00bb3.0.51&#8243; url=\u00bbhttps:\/\/villena.salesianos.edu\/colegio\/actividadesinfantil\u00bb header_text_color=\u00bb#727272&#8243; \/][\/et_pb_column][\/et_pb_row][\/et_pb_section]<\/p>\n","protected":false},"excerpt":{"rendered":"<p>&nbsp; Nuestro Equipo de Infantil Trabajamos en el Segundo Ciclo de Educaci\u00f3n Infantil\u00a0con ni\u00f1os desde los 3 a los 5 a\u00f1os de edad. En la etapa se ofertan 2 l\u00edneas por curso, lo que equivale a un total de 6 aulas de Educaci\u00f3n Infantil. &nbsp; El equipo de Educaci\u00f3n Infantil se configura en: &nbsp; 6 [&hellip;]<\/p>\n","protected":false},"author":2,"featured_media":0,"parent":0,"menu_order":0,"comment_status":"closed","ping_status":"closed","template":"","meta":{"_et_pb_use_builder":"on","_et_pb_old_content":"<p>]<\/p><div class=\"et_pb_text et_pb_module et_pb_bg_layout_light et_pb_text_align_justified et_pb_text_0\">\u00a0<\/div>","_et_gb_content_width":"","footnotes":""},"class_list":["post-2731","page","type-page","status-publish","hentry"],"yoast_head":"<!-- This site is optimized with the Yoast SEO plugin v27.3 - https:\/\/yoast.com\/product\/yoast-seo-wordpress\/ -->\n<title>Equipo de Trabajo Infantil - Colegio Salesiano M\u00aa Auxiliadora Villena<\/title>\n<meta name=\"robots\" content=\"index, follow, max-snippet:-1, max-image-preview:large, max-video-preview:-1\" \/>\n<link rel=\"canonical\" href=\"https:\/\/villena.salesianos.edu\/colegio\/equipotrabajoinfantil\/\" \/>\n<meta property=\"og:locale\" content=\"es_ES\" \/>\n<meta property=\"og:type\" content=\"article\" \/>\n<meta property=\"og:title\" content=\"Equipo de Trabajo Infantil - Colegio Salesiano M\u00aa Auxiliadora Villena\" \/>\n<meta property=\"og:description\" content=\"&nbsp; Nuestro Equipo de Infantil Trabajamos en el Segundo Ciclo de Educaci\u00f3n Infantil\u00a0con ni\u00f1os desde los 3 a los 5 a\u00f1os de edad. En la etapa se ofertan 2 l\u00edneas por curso, lo que equivale a un total de 6 aulas de Educaci\u00f3n Infantil. &nbsp; El equipo de Educaci\u00f3n Infantil se configura en: &nbsp; 6 [&hellip;]\" \/>\n<meta property=\"og:url\" content=\"https:\/\/villena.salesianos.edu\/colegio\/equipotrabajoinfantil\/\" \/>\n<meta property=\"og:site_name\" content=\"Colegio Salesiano M\u00aa Auxiliadora Villena\" \/>\n<meta property=\"article:modified_time\" content=\"2017-08-21T13:45:25+00:00\" \/>\n<meta property=\"og:image\" content=\"https:\/\/villena.salesianos.edu\/colegio\/wp-content\/uploads\/sites\/3\/2017\/07\/equipoinfantil02.jpg\" \/>\n<meta name=\"twitter:card\" content=\"summary_large_image\" \/>\n<meta name=\"twitter:label1\" content=\"Tiempo de lectura\" \/>\n\t<meta name=\"twitter:data1\" content=\"4 minutos\" \/>\n<script type=\"application\/ld+json\" class=\"yoast-schema-graph\">{\"@context\":\"https:\\\/\\\/schema.org\",\"@graph\":[{\"@type\":\"WebPage\",\"@id\":\"https:\\\/\\\/villena.salesianos.edu\\\/colegio\\\/equipotrabajoinfantil\\\/\",\"url\":\"https:\\\/\\\/villena.salesianos.edu\\\/colegio\\\/equipotrabajoinfantil\\\/\",\"name\":\"Equipo de Trabajo Infantil - Colegio Salesiano M\u00aa Auxiliadora Villena\",\"isPartOf\":{\"@id\":\"https:\\\/\\\/villena.salesianos.edu\\\/colegio\\\/#website\"},\"primaryImageOfPage\":{\"@id\":\"https:\\\/\\\/villena.salesianos.edu\\\/colegio\\\/equipotrabajoinfantil\\\/#primaryimage\"},\"image\":{\"@id\":\"https:\\\/\\\/villena.salesianos.edu\\\/colegio\\\/equipotrabajoinfantil\\\/#primaryimage\"},\"thumbnailUrl\":\"https:\\\/\\\/villena.salesianos.edu\\\/colegio\\\/wp-content\\\/uploads\\\/sites\\\/3\\\/2017\\\/07\\\/equipoinfantil02.jpg\",\"datePublished\":\"2017-07-02T05:49:34+00:00\",\"dateModified\":\"2017-08-21T13:45:25+00:00\",\"breadcrumb\":{\"@id\":\"https:\\\/\\\/villena.salesianos.edu\\\/colegio\\\/equipotrabajoinfantil\\\/#breadcrumb\"},\"inLanguage\":\"es\",\"potentialAction\":[{\"@type\":\"ReadAction\",\"target\":[\"https:\\\/\\\/villena.salesianos.edu\\\/colegio\\\/equipotrabajoinfantil\\\/\"]}]},{\"@type\":\"ImageObject\",\"inLanguage\":\"es\",\"@id\":\"https:\\\/\\\/villena.salesianos.edu\\\/colegio\\\/equipotrabajoinfantil\\\/#primaryimage\",\"url\":\"https:\\\/\\\/villena.salesianos.edu\\\/colegio\\\/wp-content\\\/uploads\\\/sites\\\/3\\\/2017\\\/07\\\/equipoinfantil02.jpg\",\"contentUrl\":\"https:\\\/\\\/villena.salesianos.edu\\\/colegio\\\/wp-content\\\/uploads\\\/sites\\\/3\\\/2017\\\/07\\\/equipoinfantil02.jpg\",\"width\":1015,\"height\":800,\"caption\":\"Equipo Educaci\u00f3n Infantil\"},{\"@type\":\"BreadcrumbList\",\"@id\":\"https:\\\/\\\/villena.salesianos.edu\\\/colegio\\\/equipotrabajoinfantil\\\/#breadcrumb\",\"itemListElement\":[{\"@type\":\"ListItem\",\"position\":1,\"name\":\"Portada\",\"item\":\"https:\\\/\\\/villena.salesianos.edu\\\/colegio\\\/\"},{\"@type\":\"ListItem\",\"position\":2,\"name\":\"Equipo de Trabajo Infantil\"}]},{\"@type\":\"WebSite\",\"@id\":\"https:\\\/\\\/villena.salesianos.edu\\\/colegio\\\/#website\",\"url\":\"https:\\\/\\\/villena.salesianos.edu\\\/colegio\\\/\",\"name\":\"Colegio Salesiano M\u00aa Auxiliadora Villena\",\"description\":\"P\u00e1gina oficial Salesianos Villena\",\"potentialAction\":[{\"@type\":\"SearchAction\",\"target\":{\"@type\":\"EntryPoint\",\"urlTemplate\":\"https:\\\/\\\/villena.salesianos.edu\\\/colegio\\\/?s={search_term_string}\"},\"query-input\":{\"@type\":\"PropertyValueSpecification\",\"valueRequired\":true,\"valueName\":\"search_term_string\"}}],\"inLanguage\":\"es\"}]}<\/script>\n<!-- \/ Yoast SEO plugin. -->","yoast_head_json":{"title":"Equipo de Trabajo Infantil - Colegio Salesiano M\u00aa Auxiliadora Villena","robots":{"index":"index","follow":"follow","max-snippet":"max-snippet:-1","max-image-preview":"max-image-preview:large","max-video-preview":"max-video-preview:-1"},"canonical":"https:\/\/villena.salesianos.edu\/colegio\/equipotrabajoinfantil\/","og_locale":"es_ES","og_type":"article","og_title":"Equipo de Trabajo Infantil - Colegio Salesiano M\u00aa Auxiliadora Villena","og_description":"&nbsp; Nuestro Equipo de Infantil Trabajamos en el Segundo Ciclo de Educaci\u00f3n Infantil\u00a0con ni\u00f1os desde los 3 a los 5 a\u00f1os de edad. En la etapa se ofertan 2 l\u00edneas por curso, lo que equivale a un total de 6 aulas de Educaci\u00f3n Infantil. &nbsp; El equipo de Educaci\u00f3n Infantil se configura en: &nbsp; 6 [&hellip;]","og_url":"https:\/\/villena.salesianos.edu\/colegio\/equipotrabajoinfantil\/","og_site_name":"Colegio Salesiano M\u00aa Auxiliadora Villena","article_modified_time":"2017-08-21T13:45:25+00:00","og_image":[{"url":"https:\/\/villena.salesianos.edu\/colegio\/wp-content\/uploads\/sites\/3\/2017\/07\/equipoinfantil02.jpg","type":"","width":"","height":""}],"twitter_card":"summary_large_image","twitter_misc":{"Tiempo de lectura":"4 minutos"},"schema":{"@context":"https:\/\/schema.org","@graph":[{"@type":"WebPage","@id":"https:\/\/villena.salesianos.edu\/colegio\/equipotrabajoinfantil\/","url":"https:\/\/villena.salesianos.edu\/colegio\/equipotrabajoinfantil\/","name":"Equipo de Trabajo Infantil - Colegio Salesiano M\u00aa Auxiliadora Villena","isPartOf":{"@id":"https:\/\/villena.salesianos.edu\/colegio\/#website"},"primaryImageOfPage":{"@id":"https:\/\/villena.salesianos.edu\/colegio\/equipotrabajoinfantil\/#primaryimage"},"image":{"@id":"https:\/\/villena.salesianos.edu\/colegio\/equipotrabajoinfantil\/#primaryimage"},"thumbnailUrl":"https:\/\/villena.salesianos.edu\/colegio\/wp-content\/uploads\/sites\/3\/2017\/07\/equipoinfantil02.jpg","datePublished":"2017-07-02T05:49:34+00:00","dateModified":"2017-08-21T13:45:25+00:00","breadcrumb":{"@id":"https:\/\/villena.salesianos.edu\/colegio\/equipotrabajoinfantil\/#breadcrumb"},"inLanguage":"es","potentialAction":[{"@type":"ReadAction","target":["https:\/\/villena.salesianos.edu\/colegio\/equipotrabajoinfantil\/"]}]},{"@type":"ImageObject","inLanguage":"es","@id":"https:\/\/villena.salesianos.edu\/colegio\/equipotrabajoinfantil\/#primaryimage","url":"https:\/\/villena.salesianos.edu\/colegio\/wp-content\/uploads\/sites\/3\/2017\/07\/equipoinfantil02.jpg","contentUrl":"https:\/\/villena.salesianos.edu\/colegio\/wp-content\/uploads\/sites\/3\/2017\/07\/equipoinfantil02.jpg","width":1015,"height":800,"caption":"Equipo Educaci\u00f3n Infantil"},{"@type":"BreadcrumbList","@id":"https:\/\/villena.salesianos.edu\/colegio\/equipotrabajoinfantil\/#breadcrumb","itemListElement":[{"@type":"ListItem","position":1,"name":"Portada","item":"https:\/\/villena.salesianos.edu\/colegio\/"},{"@type":"ListItem","position":2,"name":"Equipo de Trabajo Infantil"}]},{"@type":"WebSite","@id":"https:\/\/villena.salesianos.edu\/colegio\/#website","url":"https:\/\/villena.salesianos.edu\/colegio\/","name":"Colegio Salesiano M\u00aa Auxiliadora Villena","description":"P\u00e1gina oficial Salesianos Villena","potentialAction":[{"@type":"SearchAction","target":{"@type":"EntryPoint","urlTemplate":"https:\/\/villena.salesianos.edu\/colegio\/?s={search_term_string}"},"query-input":{"@type":"PropertyValueSpecification","valueRequired":true,"valueName":"search_term_string"}}],"inLanguage":"es"}]}},"_links":{"self":[{"href":"https:\/\/villena.salesianos.edu\/colegio\/wp-json\/wp\/v2\/pages\/2731","targetHints":{"allow":["GET"]}}],"collection":[{"href":"https:\/\/villena.salesianos.edu\/colegio\/wp-json\/wp\/v2\/pages"}],"about":[{"href":"https:\/\/villena.salesianos.edu\/colegio\/wp-json\/wp\/v2\/types\/page"}],"author":[{"embeddable":true,"href":"https:\/\/villena.salesianos.edu\/colegio\/wp-json\/wp\/v2\/users\/2"}],"replies":[{"embeddable":true,"href":"https:\/\/villena.salesianos.edu\/colegio\/wp-json\/wp\/v2\/comments?post=2731"}],"version-history":[{"count":18,"href":"https:\/\/villena.salesianos.edu\/colegio\/wp-json\/wp\/v2\/pages\/2731\/revisions"}],"predecessor-version":[{"id":3527,"href":"https:\/\/villena.salesianos.edu\/colegio\/wp-json\/wp\/v2\/pages\/2731\/revisions\/3527"}],"wp:attachment":[{"href":"https:\/\/villena.salesianos.edu\/colegio\/wp-json\/wp\/v2\/media?parent=2731"}],"curies":[{"name":"wp","href":"https:\/\/api.w.org\/{rel}","templated":true}]}}