{"id":3401,"date":"2017-08-16T14:00:23","date_gmt":"2017-08-16T13:00:23","guid":{"rendered":"https:\/\/villena.salesianos.edu\/colegio\/administracion-2\/"},"modified":"2018-10-24T15:26:55","modified_gmt":"2018-10-24T14:26:55","slug":"pastoral-escolar","status":"publish","type":"page","link":"https:\/\/villena.salesianos.edu\/colegio\/pastoral-escolar\/","title":{"rendered":"Pastoral Escolar"},"content":{"rendered":"<div id=\"fb-root\"><\/div>\n<p>[et_pb_section bb_built=\u00bb1&#8243; fullwidth=\u00bbon\u00bb specialty=\u00bboff\u00bb][et_pb_fullwidth_header title=\u00bbPastoral Escolar\u00bb background_layout=\u00bblight\u00bb text_orientation=\u00bbleft\u00bb header_fullscreen=\u00bboff\u00bb header_scroll_down=\u00bboff\u00bb content_orientation=\u00bbcenter\u00bb image_orientation=\u00bbcenter\u00bb custom_button_one=\u00bboff\u00bb button_one_icon_placement=\u00bbright\u00bb custom_button_two=\u00bboff\u00bb button_two_icon_placement=\u00bbright\u00bb module_class=\u00bbpagina-imagen-cabecera\u00bb title_font_size=\u00bb40px\u00bb background_image=\u00bbhttps:\/\/villena.salesianos.edu\/colegio\/wp-content\/uploads\/sites\/3\/2018\/08\/20171110_123938.jpg\u00bb _builder_version=\u00bb3.0.92&#8243; title_text_color=\u00bb#ffffff\u00bb max_width_tablet=\u00bb50px\u00bb \/][\/et_pb_section][et_pb_section bb_built=\u00bb1&#8243; background_color=\u00bbrgba(255,255,255,0.87)\u00bb _builder_version=\u00bb3.0.100&#8243; background_image=\u00bbhttps:\/\/alicante.salesianos.edu\/colegio\/wp-content\/uploads\/sites\/2\/2018\/02\/textura_admisiones-min.jpg\u00bb background_blend=\u00bbsoft-light\u00bb custom_padding=\u00bb40px|0px|39px|0px\u00bb][et_pb_row make_fullwidth=\u00bbon\u00bb custom_padding=\u00bb26.375px|0px|0px|0px\u00bb _builder_version=\u00bb3.0.100&#8243;][et_pb_column type=\u00bb4_4&#8243;][et_pb_blurb title=\u00bbActividades\u00bb use_icon=\u00bbon\u00bb font_icon=\u00bb%%141%%\u00bb icon_color=\u00bb#d31d1d\u00bb icon_placement=\u00bbleft\u00bb content_max_width=\u00bb1079px\u00bb use_icon_font_size=\u00bbon\u00bb icon_font_size=\u00bb120px\u00bb disabled_on=\u00bbon|off|off\u00bb _builder_version=\u00bb3.0.92&#8243; header_level=\u00bbh2&#8243; header_font=\u00bbLato|300|||||||\u00bb header_font_size=\u00bb43px\u00bb body_font_size=\u00bb16px\u00bb body_line_height=\u00bb1.3em\u00bb text_orientation=\u00bbcenter\u00bb custom_margin=\u00bb|||\u00bb custom_padding=\u00bb||10px|\u00bb url_new_window=\u00bboff\u00bb use_circle=\u00bboff\u00bb use_circle_border=\u00bboff\u00bb background_layout=\u00bblight\u00bb]<\/p>\n<div class=\"page\" title=\"Page 20\">\n<div class=\"section\">\n<div class=\"layoutArea\">\n<div class=\"column\">Durante todo el curso el Equipo de Pastoral, programa, desarrolla y organiza las actividades generales de nuestro centro para no perder el carisma y sentimiento que Don Bosco nos transmiti\u00f3 e inculc\u00f3.<\/div>\n<\/div>\n<\/div>\n<\/div>\n<p>[\/et_pb_blurb][et_pb_blurb title=\u00bbInstalaciones\u00bb use_icon=\u00bbon\u00bb font_icon=\u00bb%%144%%\u00bb icon_color=\u00bb#d31d1d\u00bb content_max_width=\u00bb1079px\u00bb use_icon_font_size=\u00bbon\u00bb icon_font_size=\u00bb120px\u00bb disabled_on=\u00bboff|on|on\u00bb _builder_version=\u00bb3.0.92&#8243; header_level=\u00bbh2&#8243; header_font=\u00bbLato|300|||||||\u00bb header_font_size=\u00bb43px\u00bb body_font_size=\u00bb16px\u00bb body_line_height=\u00bb1.3em\u00bb text_orientation=\u00bbcenter\u00bb custom_margin=\u00bb|||\u00bb custom_padding=\u00bb||10px|\u00bb url_new_window=\u00bboff\u00bb use_circle=\u00bboff\u00bb use_circle_border=\u00bboff\u00bb icon_placement=\u00bbtop\u00bb background_layout=\u00bblight\u00bb]<\/p>\n<div class=\"page\" title=\"Page 20\">\n<div class=\"section\">\n<div class=\"layoutArea\">\n<div class=\"column\">El colegio, ubicado en la <strong>Plaza Mar\u00eda Auxliadora<\/strong>, est\u00e1 construido en el centro del pueblo de Villena. Patio amplio y extenso y diferentes edificios que hacen que dispongamos de unas infraestructuras id\u00f3neas para dar una oferta educativa de calidad. Adem\u00e1s, nos permite disponer de una gran variedad de medios:<\/div>\n<\/div>\n<\/div>\n<\/div>\n<p>[\/et_pb_blurb][\/et_pb_column][\/et_pb_row][et_pb_row make_fullwidth=\u00bbon\u00bb custom_padding=\u00bb|10px||160px\u00bb custom_padding_tablet=\u00bb|0px||0px\u00bb custom_padding_phone=\u00bb|0px||0px\u00bb custom_margin=\u00bb|||\u00bb custom_padding_last_edited=\u00bbon|phone\u00bb _builder_version=\u00bb3.0.100&#8243;][et_pb_column type=\u00bb1_3&#8243;][et_pb_blurb title=\u00bbFiestas Salesianas\u00bb use_icon=\u00bbon\u00bb font_icon=\u00bb%%57%%\u00bb icon_color=\u00bb#d82020&#8243; icon_placement=\u00bbleft\u00bb _builder_version=\u00bb3.0.92&#8243; header_level=\u00bbh3&#8243; header_font=\u00bb|300|||||||\u00bb body_line_height=\u00bb1.3em\u00bb custom_margin=\u00bb|||\u00bb custom_padding=\u00bb|||\u00bb url_new_window=\u00bboff\u00bb use_circle=\u00bboff\u00bb use_circle_border=\u00bboff\u00bb use_icon_font_size=\u00bboff\u00bb background_layout=\u00bblight\u00bb]<\/p>\n<p>Fomentamos el conocimiento y el cari\u00f1o a Don Bosco, Mar\u00eda Auxiliadora, Domingo Savio y a los dem\u00e1s santos de la Familia Salesiana.<\/p>\n<p>[\/et_pb_blurb][et_pb_blurb title=\u00bbConvivencias cristianas\u00bb use_icon=\u00bbon\u00bb font_icon=\u00bb%%57%%\u00bb icon_color=\u00bb#d82020&#8243; icon_placement=\u00bbleft\u00bb _builder_version=\u00bb3.0.92&#8243; header_level=\u00bbh3&#8243; header_font=\u00bb|300|||||||\u00bb body_line_height=\u00bb1.3em\u00bb custom_margin=\u00bb|||\u00bb custom_padding=\u00bb|||\u00bb url_new_window=\u00bboff\u00bb use_circle=\u00bboff\u00bb use_circle_border=\u00bboff\u00bb use_icon_font_size=\u00bboff\u00bb background_layout=\u00bblight\u00bb]<\/p>\n<p>Durante el curso, cuaresma y Pascua. Para reflexionar en la fe y en nuestra vida.<\/p>\n<p>[\/et_pb_blurb][et_pb_blurb title=\u00bbTutor\u00edas y Orientaci\u00f3n\u00bb use_icon=\u00bbon\u00bb font_icon=\u00bb%%57%%\u00bb icon_color=\u00bb#d82020&#8243; icon_placement=\u00bbleft\u00bb _builder_version=\u00bb3.0.92&#8243; header_level=\u00bbh3&#8243; header_font=\u00bb|300|||||||\u00bb body_line_height=\u00bb1.3em\u00bb custom_margin=\u00bb|||\u00bb custom_padding=\u00bb|||\u00bb url_new_window=\u00bboff\u00bb use_circle=\u00bboff\u00bb use_circle_border=\u00bboff\u00bb use_icon_font_size=\u00bboff\u00bb background_layout=\u00bblight\u00bb]<\/p>\n<p>Individuales y grupales para chicos y familias.<\/p>\n<p>[\/et_pb_blurb][et_pb_blurb title=\u00bbBuenos d\u00edas\u00bb use_icon=\u00bbon\u00bb font_icon=\u00bb%%57%%\u00bb icon_color=\u00bb#d82020&#8243; icon_placement=\u00bbleft\u00bb _builder_version=\u00bb3.0.92&#8243; header_level=\u00bbh3&#8243; header_font=\u00bb|300|||||||\u00bb body_line_height=\u00bb1.3em\u00bb custom_margin=\u00bb|||\u00bb custom_padding=\u00bb|||\u00bb url_new_window=\u00bboff\u00bb use_circle=\u00bboff\u00bb use_circle_border=\u00bboff\u00bb use_icon_font_size=\u00bboff\u00bb background_layout=\u00bblight\u00bb]<\/p>\n<p>Cuidamos y privilegiamos este momento diario de formaci\u00f3n humana y cristiana en el colegio.<\/p>\n<p>[\/et_pb_blurb][\/et_pb_column][et_pb_column type=\u00bb1_3&#8243;][et_pb_blurb title=\u00bbAmbientaci\u00f3n\u00bb use_icon=\u00bbon\u00bb font_icon=\u00bb%%57%%\u00bb icon_color=\u00bb#d82020&#8243; icon_placement=\u00bbleft\u00bb _builder_version=\u00bb3.0.92&#8243; header_level=\u00bbh3&#8243; header_font=\u00bb|300|||||||\u00bb body_line_height=\u00bb1.3em\u00bb custom_margin=\u00bb|||\u00bb custom_padding=\u00bb|||\u00bb url_new_window=\u00bboff\u00bb use_circle=\u00bboff\u00bb use_circle_border=\u00bboff\u00bb use_icon_font_size=\u00bboff\u00bb background_layout=\u00bblight\u00bb]<\/p>\n<p>Presentaci\u00f3n de carteleras en el colegio y en las aulas y diversas informaciones seg\u00fan el calendario.<\/p>\n<p>[\/et_pb_blurb][et_pb_blurb title=\u00bbAnimaci\u00f3n misionera\u00bb use_icon=\u00bbon\u00bb font_icon=\u00bb%%57%%\u00bb icon_color=\u00bb#d82020&#8243; icon_placement=\u00bbleft\u00bb _builder_version=\u00bb3.0.92&#8243; header_level=\u00bbh3&#8243; header_font=\u00bb|300|||||||\u00bb body_line_height=\u00bb1.3em\u00bb custom_margin=\u00bb|||\u00bb custom_padding=\u00bb|||\u00bb url_new_window=\u00bboff\u00bb use_circle=\u00bboff\u00bb use_circle_border=\u00bboff\u00bb use_icon_font_size=\u00bboff\u00bb background_layout=\u00bblight\u00bb]<\/p>\n<p>Sensibilizaci\u00f3n sobre la realidad de nuestra sociedad y colaboraci\u00f3n directa con las misiones salesianas.<\/p>\n<p>[\/et_pb_blurb][et_pb_blurb title=\u00bbCelebraciones por curso y etapa\u00bb url=\u00bbhttps:\/\/alicante.salesianos.edu\/centrojuvenil\/scout-impeesa\/\u00bb use_icon=\u00bbon\u00bb font_icon=\u00bb%%57%%\u00bb icon_color=\u00bb#d82020&#8243; icon_placement=\u00bbleft\u00bb _builder_version=\u00bb3.0.92&#8243; header_level=\u00bbh3&#8243; header_font=\u00bb|300|||||||\u00bb body_line_height=\u00bb1.3em\u00bb custom_margin=\u00bb|||\u00bb custom_padding=\u00bb|||\u00bb url_new_window=\u00bboff\u00bb use_circle=\u00bboff\u00bb use_circle_border=\u00bboff\u00bb use_icon_font_size=\u00bboff\u00bb background_layout=\u00bblight\u00bb]<\/p>\n<p>Celebraci\u00f3n de la Eucarist\u00eda d\u00eda de Don Bosco y Mar\u00eda Auxiliadora, celebraciones de la Palabra, celebraci\u00f3n Mi\u00e9rcoles de Ceniza y Adviento, Inicio y Fin de Curso<\/p>\n<p>[\/et_pb_blurb][\/et_pb_column][et_pb_column type=\u00bb1_3&#8243;][et_pb_blurb title=\u00bbFiestas Salesianas\u00bb use_icon=\u00bbon\u00bb font_icon=\u00bb%%57%%\u00bb icon_color=\u00bb#d82020&#8243; icon_placement=\u00bbleft\u00bb _builder_version=\u00bb3.0.92&#8243; header_level=\u00bbh3&#8243; header_font=\u00bb|300|||||||\u00bb body_line_height=\u00bb1.3em\u00bb custom_margin=\u00bb|||\u00bb custom_padding=\u00bb|||\u00bb url_new_window=\u00bboff\u00bb use_circle=\u00bboff\u00bb use_circle_border=\u00bboff\u00bb use_icon_font_size=\u00bboff\u00bb background_layout=\u00bblight\u00bb]<\/p>\n<p>Fomentamos el conocimiento y el cari\u00f1o a D. Bosco y Mar\u00eda Auxiliadora, Domingo Savio y los dem\u00e1s santos salesianos.<\/p>\n<p>[\/et_pb_blurb][et_pb_blurb title=\u00bbFormaci\u00f3n de Profesores\u00bb use_icon=\u00bbon\u00bb font_icon=\u00bb%%57%%\u00bb icon_color=\u00bb#d82020&#8243; icon_placement=\u00bbleft\u00bb _builder_version=\u00bb3.0.92&#8243; header_level=\u00bbh3&#8243; header_font=\u00bb|300|||||||\u00bb body_line_height=\u00bb1.3em\u00bb custom_margin=\u00bb|||\u00bb custom_padding=\u00bb|||\u00bb url_new_window=\u00bboff\u00bb use_circle=\u00bboff\u00bb use_circle_border=\u00bboff\u00bb use_icon_font_size=\u00bboff\u00bb background_layout=\u00bblight\u00bb]<\/p>\n<p>Momento para continuar creciendo e identific\u00e1ndonos con el ideario del centro.<\/p>\n<p>[\/et_pb_blurb][et_pb_blurb title=\u00bbCampa\u00f1as Solidarias\u00bb use_icon=\u00bbon\u00bb font_icon=\u00bb%%57%%\u00bb icon_color=\u00bb#d82020&#8243; icon_placement=\u00bbleft\u00bb _builder_version=\u00bb3.0.92&#8243; header_level=\u00bbh3&#8243; header_font=\u00bb|300|||||||\u00bb body_line_height=\u00bb1.3em\u00bb custom_margin=\u00bb|||\u00bb custom_padding=\u00bb|||\u00bb url_new_window=\u00bboff\u00bb use_circle=\u00bboff\u00bb use_circle_border=\u00bboff\u00bb use_icon_font_size=\u00bboff\u00bb background_layout=\u00bblight\u00bb]<\/p>\n<ul>\n<li>Bocata Solidario -Manos Unidas-<\/li>\n<li>Domund -Jornada Mundial de las Misiones en Espa\u00f1a-<\/li>\n<li>Recogida de alimentos -Caritas-<\/li>\n<li>Buz\u00f3n Solidario 24<\/li>\n<\/ul>\n<p>[\/et_pb_blurb][\/et_pb_column][\/et_pb_row][\/et_pb_section][et_pb_section bb_built=\u00bb1&#8243; background_color=\u00bb#e02b20&#8243; _builder_version=\u00bb3.0.92&#8243; custom_padding=\u00bb0px|0px|35px|0px\u00bb][et_pb_row _builder_version=\u00bb3.0.92&#8243;][et_pb_column type=\u00bb4_4&#8243;][et_pb_blurb title=\u00bbTodos somos Pastoral&#8230;\u00bb use_icon=\u00bbon\u00bb font_icon=\u00bb%%22%%\u00bb icon_color=\u00bb#66757e\u00bb background_layout=\u00bbdark\u00bb content_max_width=\u00bb862px\u00bb _builder_version=\u00bb3.0.92&#8243; header_level=\u00bbh3&#8243; header_font=\u00bb|300|||||||\u00bb header_font_size=\u00bb26px\u00bb body_font_size=\u00bb15px\u00bb body_line_height=\u00bb1.3em\u00bb text_orientation=\u00bbcenter\u00bb module_alignment=\u00bbcenter\u00bb custom_padding=\u00bb||10px|\u00bb url_new_window=\u00bboff\u00bb use_circle=\u00bboff\u00bb use_circle_border=\u00bboff\u00bb icon_placement=\u00bbtop\u00bb use_icon_font_size=\u00bboff\u00bb]<\/p>\n<p>La pastoral en la escuela es responsabilidad de todos los educadores de este ambiente y se desarrolla en toda la tarea educativa y no s\u00f3lo en las actividades espec\u00edficas de pastoral.<\/p>\n<p>[\/et_pb_blurb][\/et_pb_column][\/et_pb_row][\/et_pb_section]<\/p>\n","protected":false},"excerpt":{"rendered":"<p>Durante todo el curso el Equipo de Pastoral, programa, desarrolla y organiza las actividades generales de nuestro centro para no perder el carisma y sentimiento que Don Bosco nos transmiti\u00f3 e inculc\u00f3. El colegio, ubicado en la Plaza Mar\u00eda Auxliadora, est\u00e1 construido en el centro del pueblo de Villena. Patio amplio y extenso y diferentes [&hellip;]<\/p>\n","protected":false},"author":2,"featured_media":0,"parent":0,"menu_order":0,"comment_status":"closed","ping_status":"closed","template":"","meta":{"_et_pb_use_builder":"on","_et_pb_old_content":"<p>]<\/p><div class=\"et_pb_text et_pb_module et_pb_bg_layout_light et_pb_text_align_justified et_pb_text_0\">\u00a0<\/div>","_et_gb_content_width":"","footnotes":""},"class_list":["post-3401","page","type-page","status-publish","hentry"],"yoast_head":"<!-- This site is optimized with the Yoast SEO plugin v27.4 - https:\/\/yoast.com\/product\/yoast-seo-wordpress\/ -->\n<title>Pastoral Escolar - Colegio Salesiano M\u00aa Auxiliadora Villena<\/title>\n<meta name=\"robots\" content=\"index, follow, max-snippet:-1, max-image-preview:large, max-video-preview:-1\" \/>\n<link rel=\"canonical\" href=\"https:\/\/villena.salesianos.edu\/colegio\/pastoral-escolar\/\" \/>\n<meta property=\"og:locale\" content=\"es_ES\" \/>\n<meta property=\"og:type\" content=\"article\" \/>\n<meta property=\"og:title\" content=\"Pastoral Escolar - Colegio Salesiano M\u00aa Auxiliadora Villena\" \/>\n<meta property=\"og:description\" content=\"Durante todo el curso el Equipo de Pastoral, programa, desarrolla y organiza las actividades generales de nuestro centro para no perder el carisma y sentimiento que Don Bosco nos transmiti\u00f3 e inculc\u00f3. El colegio, ubicado en la Plaza Mar\u00eda Auxliadora, est\u00e1 construido en el centro del pueblo de Villena. Patio amplio y extenso y diferentes [&hellip;]\" \/>\n<meta property=\"og:url\" content=\"https:\/\/villena.salesianos.edu\/colegio\/pastoral-escolar\/\" \/>\n<meta property=\"og:site_name\" content=\"Colegio Salesiano M\u00aa Auxiliadora Villena\" \/>\n<meta property=\"article:modified_time\" content=\"2018-10-24T14:26:55+00:00\" \/>\n<meta name=\"twitter:card\" content=\"summary_large_image\" \/>\n<meta name=\"twitter:label1\" content=\"Tiempo de lectura\" \/>\n\t<meta name=\"twitter:data1\" content=\"7 minutos\" \/>\n<script type=\"application\/ld+json\" class=\"yoast-schema-graph\">{\"@context\":\"https:\\\/\\\/schema.org\",\"@graph\":[{\"@type\":\"WebPage\",\"@id\":\"https:\\\/\\\/villena.salesianos.edu\\\/colegio\\\/pastoral-escolar\\\/\",\"url\":\"https:\\\/\\\/villena.salesianos.edu\\\/colegio\\\/pastoral-escolar\\\/\",\"name\":\"Pastoral Escolar - Colegio Salesiano M\u00aa Auxiliadora Villena\",\"isPartOf\":{\"@id\":\"https:\\\/\\\/villena.salesianos.edu\\\/colegio\\\/#website\"},\"datePublished\":\"2017-08-16T13:00:23+00:00\",\"dateModified\":\"2018-10-24T14:26:55+00:00\",\"breadcrumb\":{\"@id\":\"https:\\\/\\\/villena.salesianos.edu\\\/colegio\\\/pastoral-escolar\\\/#breadcrumb\"},\"inLanguage\":\"es\",\"potentialAction\":[{\"@type\":\"ReadAction\",\"target\":[\"https:\\\/\\\/villena.salesianos.edu\\\/colegio\\\/pastoral-escolar\\\/\"]}]},{\"@type\":\"BreadcrumbList\",\"@id\":\"https:\\\/\\\/villena.salesianos.edu\\\/colegio\\\/pastoral-escolar\\\/#breadcrumb\",\"itemListElement\":[{\"@type\":\"ListItem\",\"position\":1,\"name\":\"Portada\",\"item\":\"https:\\\/\\\/villena.salesianos.edu\\\/colegio\\\/\"},{\"@type\":\"ListItem\",\"position\":2,\"name\":\"Pastoral Escolar\"}]},{\"@type\":\"WebSite\",\"@id\":\"https:\\\/\\\/villena.salesianos.edu\\\/colegio\\\/#website\",\"url\":\"https:\\\/\\\/villena.salesianos.edu\\\/colegio\\\/\",\"name\":\"Colegio Salesiano M\u00aa Auxiliadora Villena\",\"description\":\"P\u00e1gina oficial Salesianos Villena\",\"potentialAction\":[{\"@type\":\"SearchAction\",\"target\":{\"@type\":\"EntryPoint\",\"urlTemplate\":\"https:\\\/\\\/villena.salesianos.edu\\\/colegio\\\/?s={search_term_string}\"},\"query-input\":{\"@type\":\"PropertyValueSpecification\",\"valueRequired\":true,\"valueName\":\"search_term_string\"}}],\"inLanguage\":\"es\"}]}<\/script>\n<!-- \/ Yoast SEO plugin. -->","yoast_head_json":{"title":"Pastoral Escolar - Colegio Salesiano M\u00aa Auxiliadora Villena","robots":{"index":"index","follow":"follow","max-snippet":"max-snippet:-1","max-image-preview":"max-image-preview:large","max-video-preview":"max-video-preview:-1"},"canonical":"https:\/\/villena.salesianos.edu\/colegio\/pastoral-escolar\/","og_locale":"es_ES","og_type":"article","og_title":"Pastoral Escolar - Colegio Salesiano M\u00aa Auxiliadora Villena","og_description":"Durante todo el curso el Equipo de Pastoral, programa, desarrolla y organiza las actividades generales de nuestro centro para no perder el carisma y sentimiento que Don Bosco nos transmiti\u00f3 e inculc\u00f3. El colegio, ubicado en la Plaza Mar\u00eda Auxliadora, est\u00e1 construido en el centro del pueblo de Villena. Patio amplio y extenso y diferentes [&hellip;]","og_url":"https:\/\/villena.salesianos.edu\/colegio\/pastoral-escolar\/","og_site_name":"Colegio Salesiano M\u00aa Auxiliadora Villena","article_modified_time":"2018-10-24T14:26:55+00:00","twitter_card":"summary_large_image","twitter_misc":{"Tiempo de lectura":"7 minutos"},"schema":{"@context":"https:\/\/schema.org","@graph":[{"@type":"WebPage","@id":"https:\/\/villena.salesianos.edu\/colegio\/pastoral-escolar\/","url":"https:\/\/villena.salesianos.edu\/colegio\/pastoral-escolar\/","name":"Pastoral Escolar - Colegio Salesiano M\u00aa Auxiliadora Villena","isPartOf":{"@id":"https:\/\/villena.salesianos.edu\/colegio\/#website"},"datePublished":"2017-08-16T13:00:23+00:00","dateModified":"2018-10-24T14:26:55+00:00","breadcrumb":{"@id":"https:\/\/villena.salesianos.edu\/colegio\/pastoral-escolar\/#breadcrumb"},"inLanguage":"es","potentialAction":[{"@type":"ReadAction","target":["https:\/\/villena.salesianos.edu\/colegio\/pastoral-escolar\/"]}]},{"@type":"BreadcrumbList","@id":"https:\/\/villena.salesianos.edu\/colegio\/pastoral-escolar\/#breadcrumb","itemListElement":[{"@type":"ListItem","position":1,"name":"Portada","item":"https:\/\/villena.salesianos.edu\/colegio\/"},{"@type":"ListItem","position":2,"name":"Pastoral Escolar"}]},{"@type":"WebSite","@id":"https:\/\/villena.salesianos.edu\/colegio\/#website","url":"https:\/\/villena.salesianos.edu\/colegio\/","name":"Colegio Salesiano M\u00aa Auxiliadora Villena","description":"P\u00e1gina oficial Salesianos Villena","potentialAction":[{"@type":"SearchAction","target":{"@type":"EntryPoint","urlTemplate":"https:\/\/villena.salesianos.edu\/colegio\/?s={search_term_string}"},"query-input":{"@type":"PropertyValueSpecification","valueRequired":true,"valueName":"search_term_string"}}],"inLanguage":"es"}]}},"_links":{"self":[{"href":"https:\/\/villena.salesianos.edu\/colegio\/wp-json\/wp\/v2\/pages\/3401","targetHints":{"allow":["GET"]}}],"collection":[{"href":"https:\/\/villena.salesianos.edu\/colegio\/wp-json\/wp\/v2\/pages"}],"about":[{"href":"https:\/\/villena.salesianos.edu\/colegio\/wp-json\/wp\/v2\/types\/page"}],"author":[{"embeddable":true,"href":"https:\/\/villena.salesianos.edu\/colegio\/wp-json\/wp\/v2\/users\/2"}],"replies":[{"embeddable":true,"href":"https:\/\/villena.salesianos.edu\/colegio\/wp-json\/wp\/v2\/comments?post=3401"}],"version-history":[{"count":13,"href":"https:\/\/villena.salesianos.edu\/colegio\/wp-json\/wp\/v2\/pages\/3401\/revisions"}],"predecessor-version":[{"id":7345,"href":"https:\/\/villena.salesianos.edu\/colegio\/wp-json\/wp\/v2\/pages\/3401\/revisions\/7345"}],"wp:attachment":[{"href":"https:\/\/villena.salesianos.edu\/colegio\/wp-json\/wp\/v2\/media?parent=3401"}],"curies":[{"name":"wp","href":"https:\/\/api.w.org\/{rel}","templated":true}]}}