{"id":4843,"date":"2017-10-23T14:42:50","date_gmt":"2017-10-23T13:42:50","guid":{"rendered":"https:\/\/villena.salesianos.edu\/colegio\/?page_id=4843"},"modified":"2017-10-26T11:01:58","modified_gmt":"2017-10-26T10:01:58","slug":"qe","status":"publish","type":"page","link":"https:\/\/villena.salesianos.edu\/colegio\/qe\/","title":{"rendered":"Qualitas Educativa"},"content":{"rendered":"<div id=\"fb-root\"><\/div>\n<p>[et_pb_section bb_built=\u00bb1&#8243; fullwidth=\u00bbon\u00bb _builder_version=\u00bb3.0.47&#8243;][et_pb_fullwidth_header title=\u00bbQualitas educativa\u00bb title_font_color=\u00bb#ffffff\u00bb module_class=\u00bbpagina-imagen-cabecera\u00bb _builder_version=\u00bb3.0.75&#8243; title_font_size=\u00bb40px\u00bb background_image=\u00bbhttps:\/\/inspectoria.salesianos.edu\/wp-content\/uploads\/2017\/09\/ImagenPAGINA.jpg\u00bb background_url=\u00bbhttps:\/\/alicante.salesianos.edu\/colegio\/wp-content\/uploads\/sites\/2\/2017\/04\/Captura-de-pantalla-2017-04-13-a-las-16.32.19.png\u00bb text_orientation=\u00bbleft\u00bb header_fullscreen=\u00bboff\u00bb header_scroll_down=\u00bboff\u00bb image_orientation=\u00bbcenter\u00bb background_layout=\u00bblight\u00bb content_orientation=\u00bbcenter\u00bb custom_button_one=\u00bboff\u00bb button_one_letter_spacing=\u00bb0&#8243; button_one_icon_placement=\u00bbright\u00bb button_one_letter_spacing_hover=\u00bb0&#8243; custom_button_two=\u00bboff\u00bb button_two_letter_spacing=\u00bb0&#8243; button_two_icon_placement=\u00bbright\u00bb button_two_letter_spacing_hover=\u00bb0&#8243; max_width_tablet=\u00bb50px\u00bb background_position=\u00bbtop_left\u00bb background_repeat=\u00bbrepeat\u00bb background_size=\u00bbinitial\u00bb \/][\/et_pb_section][et_pb_section bb_built=\u00bb1&#8243; custom_padding=\u00bb0%|||\u00bb module_class=\u00bbpagina-seccion-contenido\u00bb _builder_version=\u00bb3.0.47&#8243;][et_pb_row custom_padding=\u00bb25px|||\u00bb custom_margin=\u00bb25px|||\u00bb _builder_version=\u00bb3.0.64&#8243;][et_pb_column type=\u00bb3_4&#8243;][et_pb_text _builder_version=\u00bb3.0.82&#8243; custom_margin=\u00bb10px|||\u00bb]<\/p>\n<h1>Tu canal directo de comunicaci\u00f3n con el colegio<\/h1>\n<p>[\/et_pb_text][et_pb_testimonial portrait_url=\u00bbhttps:\/\/villena.salesianos.edu\/colegio\/wp-content\/uploads\/sites\/3\/2017\/05\/QEfamilia.png\u00bb background_layout=\u00bblight\u00bb _builder_version=\u00bb3.0.82&#8243; background_size=\u00bbinitial\u00bb background_position=\u00bbtop_left\u00bb background_repeat=\u00bbrepeat\u00bb url_new_window=\u00bboff\u00bb quote_icon=\u00bbon\u00bb use_background_color=\u00bbon\u00bb quote_icon_background_color=\u00bb#f5f5f5&#8243; border_style=\u00bbsolid\u00bb box_shadow_position_image=\u00bbouter\u00bb box_shadow_position=\u00bbouter\u00bb]<\/p>\n<p class=\"\">Estimadas familias:<\/p>\n<p class=\"\">Un centro educativo de calidad necesita\u00a0un sistema de gesti\u00f3n integral para responder\u00a0a las necesidades educativas del siglo XXI.<\/p>\n<p class=\"\">Uno de nuestros objetivos siempre ha sido el de enriquecer la necesaria\u00a0comunicaci\u00f3n entre el centro y vosotros, las familias. Ahora, mediante la plataforma Qualitas Educativa, ten\u00e9is la oportunidad de comunicaros con el centro de forma r\u00e1pida y eficiente.<\/p>\n<p class=\"\">El equipo t\u00e9cnico ha trabajado duro para que el uso de la plataforma sea sencillo e intuitivo.<\/p>\n<p class=\"\">Para cualquier duda que teng\u00e1is no dud\u00e9is en preguntarnos:\u00a0<em><a href=\"colegiovirtual.villena@salesianos.edu\">colegiovirtual.villena@salesianos.edu<\/a><\/em><\/p>\n<p class=\"\">Un saludo.<\/p>\n<p class=\"\" style=\"text-align: left;\"><b>Coordinaci\u00f3n Qualitas Educativa<\/b><\/p>\n<p>[\/et_pb_testimonial][\/et_pb_column][et_pb_column type=\u00bb1_4&#8243;][et_pb_blurb title=\u00bbAcceder a la plataforma\u00bb url=\u00bbhttp:\/\/www.qualitasescuelafamilia.com\/\u00bb url_new_window=\u00bbon\u00bb image=\u00bbhttps:\/\/alicante.salesianos.edu\/colegio\/wp-content\/uploads\/sites\/2\/2017\/07\/icono_acceso_qe-1.png\u00bb text_orientation=\u00bbcenter\u00bb _builder_version=\u00bb3.0.64&#8243; header_font=\u00bbAmatic SC||||\u00bb header_font_size=\u00bb30px\u00bb custom_margin=\u00bb55px|||\u00bb custom_margin_tablet=\u00bb0px|||\u00bb custom_margin_phone=\u00bb0px|||\u00bb custom_margin_last_edited=\u00bbon|phone\u00bb \/][et_pb_image src=\u00bbhttps:\/\/alicante.salesianos.edu\/colegio\/wp-content\/uploads\/sites\/2\/2017\/07\/icono_descargar_android.png\u00bb alt=\u00bbDisponible en Google Play\u00bb title_text=\u00bbDisponible en Google Play\u00bb url=\u00bbhttps:\/\/play.google.com\/store\/apps\/details?id=com.ora1.qefamilia&amp;hl=es\u00bb url_new_window=\u00bbon\u00bb _builder_version=\u00bb3.0.64&#8243; animation_style=\u00bbslide\u00bb animation_direction=\u00bbleft\u00bb animation_duration=\u00bb500ms\u00bb animation_intensity_slide=\u00bb10%\u00bb \/][et_pb_image src=\u00bbhttps:\/\/alicante.salesianos.edu\/colegio\/wp-content\/uploads\/sites\/2\/2017\/07\/icono_descargar_ios.png\u00bb alt=\u00bbCons\u00edguelo en el App Store\u00bb title_text=\u00bbCons\u00edguelo en el App Store\u00bb url=\u00bbhttps:\/\/itunes.apple.com\/es\/app\/qualitas-escuela-familia\/id930525706&#8243; url_new_window=\u00bbon\u00bb _builder_version=\u00bb3.0.82&#8243; animation_style=\u00bbslide\u00bb animation_direction=\u00bbleft\u00bb animation_duration=\u00bb500ms\u00bb animation_intensity_slide=\u00bb10%\u00bb \/][\/et_pb_column][\/et_pb_row][et_pb_row custom_padding=\u00bb23.96875px|0px|0px|0px\u00bb _builder_version=\u00bb3.0.51&#8243;][et_pb_column type=\u00bb1_2&#8243;][et_pb_blurb url=\u00bbhttps:\/\/alicante.salesianos.edu\/colegio\/wp-content\/uploads\/sites\/2\/2017\/06\/Triptico-Escuela-Familia.pdf\u00bb image=\u00bbhttps:\/\/alicante.salesianos.edu\/colegio\/wp-content\/uploads\/sites\/2\/2017\/06\/Screen-Shot-2017-06-19-at-18.11.17.png\u00bb text_orientation=\u00bbright\u00bb _builder_version=\u00bb3.0.64&#8243; header_font_size=\u00bb11px\u00bb \/][et_pb_blurb title=\u00bbPara descargar el tr\u00edptico pincha en la imagen\u00bb use_icon=\u00bbon\u00bb font_icon=\u00bb%%233%%\u00bb icon_placement=\u00bbleft\u00bb _builder_version=\u00bb3.0.82&#8243; header_font=\u00bbAmatic SC||||\u00bb header_font_size=\u00bb31px\u00bb url_new_window=\u00bboff\u00bb use_circle=\u00bboff\u00bb use_circle_border=\u00bboff\u00bb use_icon_font_size=\u00bboff\u00bb box_shadow_position_image=\u00bbouter\u00bb background_layout=\u00bblight\u00bb border_style=\u00bbsolid\u00bb box_shadow_position=\u00bbouter\u00bb \/][\/et_pb_column][et_pb_column type=\u00bb1_2&#8243;][et_pb_text _builder_version=\u00bb3.0.82&#8243; text_font_size=\u00bb14px\u00bb custom_margin=\u00bb|||\u00bb]<\/p>\n<h2>\u00bfQu\u00e9 te ofrece la plataforma?<\/h2>\n<p>[\/et_pb_text][et_pb_text _builder_version=\u00bb3.0.82&#8243; background_layout=\u00bblight\u00bb border_style=\u00bbsolid\u00bb box_shadow_position=\u00bbouter\u00bb]<\/p>\n<div class=\"page\" style=\"text-align: justify;\" title=\"Page 2\">\n<div class=\"layoutArea\">\n<div class=\"column\">\n<p>Qualitas Escuela-Familia permite a las familias comunicarse con el equipo docente, gestionar la solicitud de entrevistas con los tutores, consultar las calificaciones y las incidencias de los \u00faltimos d\u00edas; pasando por la descarga de documentaci\u00f3n, la posibilidad de justificar las faltas de asistencia y retraso de los alumnos o visualizar el calendario de tareas y ex\u00e1menes de sus hijos.<\/p>\n<p>Todo ello en una plataforma intuitiva, disponible las 24h del d\u00eda los 365 d\u00edas del a\u00f1o, y con servicio multiplataforma para puedas acceder a ella desde cualquier lugar.<\/p>\n<p>Para m\u00e1s informaci\u00f3n:<\/p>\n<\/div>\n<\/div>\n<\/div>\n<blockquote>\n<p style=\"text-align: justify;\"><a href=\"http:\/\/www.qualitasescuelafamilia.com\" target=\"_blank\" rel=\"noopener noreferrer\">www.qualitasescuelafamilia.com<\/a><br \/>\n<a href=\"mailto:info@qualitaseducativa.com\">info@qualitaseducativa.com<\/a><br \/>\n<a href=\"callto:957481267\">957 481 267<\/a><\/p>\n<\/blockquote>\n<p>[\/et_pb_text][\/et_pb_column][\/et_pb_row][et_pb_row admin_label=\u00bbPREGUNTAS FRECUNTES\u00bb custom_padding=\u00bb0px|0px|23.96875px|0px\u00bb custom_margin=\u00bb0px|||\u00bb _builder_version=\u00bb3.0.64&#8243;][et_pb_column type=\u00bb4_4&#8243;][et_pb_text background_layout=\u00bbdark\u00bb _builder_version=\u00bb3.0.82&#8243; text_font_size=\u00bb21px\u00bb text_line_height=\u00bb1em\u00bb header_font_size=\u00bb44px\u00bb background_color=\u00bb#e02b20&#8243; custom_margin=\u00bb25px|||\u00bb custom_padding=\u00bb20px||10px|\u00bb border_style=\u00bbsolid\u00bb box_shadow_position=\u00bbouter\u00bb]<\/p>\n<h2>\u00a0 \u00a0 PREGUNTAS FRECUENTES<\/h2>\n<p>[\/et_pb_text][et_pb_accordion _builder_version=\u00bb3.0.82&#8243; toggle_font_size=\u00bb17px\u00bb toggle_text_color=\u00bb#dc001b\u00bb use_border_color=\u00bbon\u00bb border_color=\u00bb#e5e5e5&#8243; border_width=\u00bb0px\u00bb border_style=\u00bbsolid\u00bb box_shadow_position=\u00bbouter\u00bb] [et_pb_accordion_item title=\u00bb\u00bfC\u00f3mo se accede a Qe?\u00bb open=\u00bbon\u00bb _builder_version=\u00bb3.0.82&#8243; use_background_color_gradient=\u00bboff\u00bb background_color_gradient_start=\u00bb#2b87da\u00bb background_color_gradient_end=\u00bb#29c4a9&#8243; background_color_gradient_type=\u00bblinear\u00bb background_color_gradient_direction=\u00bb180deg\u00bb background_color_gradient_direction_radial=\u00bbcenter\u00bb background_color_gradient_start_position=\u00bb0%\u00bb background_color_gradient_end_position=\u00bb100%\u00bb parallax=\u00bboff\u00bb parallax_method=\u00bbon\u00bb background_size=\u00bbcover\u00bb background_position=\u00bbcenter\u00bb background_repeat=\u00bbno-repeat\u00bb background_blend=\u00bbnormal\u00bb allow_player_pause=\u00bboff\u00bb text_orientation=\u00bbleft\u00bb module_alignment=\u00bbleft\u00bb box_shadow_style=\u00bbnone\u00bb box_shadow_color=\u00bbrgba(0,0,0,0.3)\u00bb box_shadow_position=\u00bbouter\u00bb]<\/p>\n<p>Si est\u00e1s desde un ordenador puedes acceder desde el siguiente enlace:\u00a0<a href=\"http:\/\/www.qualitasescuelafamilia.com\/\">www.qualitasescuelafamilia.com<\/a><\/p>\n<p>Tambi\u00e9n hay una versi\u00f3n para dispositivos m\u00f3viles y tablets, tanto para\u00a0<a href=\"https:\/\/play.google.com\/store\/apps\/details?id=com.ora1.qefamilia&amp;hl=es\" target=\"_blank\" rel=\"noopener noreferrer\">Android<\/a>\u00a0como para\u00a0<a href=\"https:\/\/itunes.apple.com\/es\/app\/qualitas-escuela-familia\/id930525706\" target=\"_blank\" rel=\"noopener noreferrer\">iOS<\/a>.<\/p>\n<p>Para iniciar sesi\u00f3n por primera vez desde un m\u00f3vil o tablet, es necesario un c\u00f3digo de activaci\u00f3n que se os facilitar\u00e1 en el colegio. Recuerda que la clave de usuario es siempre la misma, mientras que la contrase\u00f1a es personal de cada uno.<\/p>\n<p>[\/et_pb_accordion_item][et_pb_accordion_item title=\u00bbSoy nuevo, \u00bfpor d\u00f3nde empiezo?\u00bb _builder_version=\u00bb3.0.82&#8243; open=\u00bboff\u00bb use_background_color_gradient=\u00bboff\u00bb background_color_gradient_start=\u00bb#2b87da\u00bb background_color_gradient_end=\u00bb#29c4a9&#8243; background_color_gradient_type=\u00bblinear\u00bb background_color_gradient_direction=\u00bb180deg\u00bb background_color_gradient_direction_radial=\u00bbcenter\u00bb background_color_gradient_start_position=\u00bb0%\u00bb background_color_gradient_end_position=\u00bb100%\u00bb parallax=\u00bboff\u00bb parallax_method=\u00bbon\u00bb background_size=\u00bbcover\u00bb background_position=\u00bbcenter\u00bb background_repeat=\u00bbno-repeat\u00bb background_blend=\u00bbnormal\u00bb allow_player_pause=\u00bboff\u00bb text_orientation=\u00bbleft\u00bb module_alignment=\u00bbleft\u00bb box_shadow_style=\u00bbnone\u00bb box_shadow_color=\u00bbrgba(0,0,0,0.3)\u00bb box_shadow_position=\u00bbouter\u00bb]<\/p>\n<p>La primera vez que empez\u00e1is en el centro como familia, los tutores\/as de vuestros hijos os dar\u00e1n la clave de usuario y la contrase\u00f1a. La clave de usuario ser\u00e1 siempre la misma, mientras que la contrase\u00f1a es personal y la podr\u00e1s cambiar siempre que quieras. De hecho, al entrar por primera vez, la plataforma te permitir\u00e1 cambiarla por una m\u00e1s personalizada.\u00a0Cabe destacar que cada padre, madre, tutor o tutora tiene su propio usuario y contrase\u00f1a.<\/p>\n<p>Para iniciar sesi\u00f3n por primera vez desde un m\u00f3vil o tablet, es necesario un c\u00f3digo de activaci\u00f3n que se os facilitar\u00e1 en el colegio.<\/p>\n<p class=\"\">Al inicio, los tutores\/as os indicar\u00e1n lo m\u00e1s esencial sobre la plataforma. En el apartado \u201cDocumentaci\u00f3n\u201d tambi\u00e9n encontrar\u00e1s unos breves tutoriales sobre su funcionamiento.<\/p>\n<p class=\"\">Si a pesar de todo sigues teniendo alguna duda, desde el \u201cBuz\u00f3n de sugerencias\u201d (en la esquina superior derecha de la pantalla inicial) podr\u00e1s ponerte en contacto con el responsable de la plataforma, el cual resolver\u00e1 tus dudas.\u00a0Las novedades y mejoras que vayan surgiendo se ir\u00e1n comunicando a trav\u00e9s de la plataforma mediante mensajes.<\/p>\n<p>[\/et_pb_accordion_item][et_pb_accordion_item _builder_version=\u00bb3.0.82&#8243; title=\u00bb\u00bfQu\u00e9 hacer en caso de dudas?\u00bb use_background_color_gradient=\u00bboff\u00bb background_color_gradient_start=\u00bb#2b87da\u00bb background_color_gradient_end=\u00bb#29c4a9&#8243; background_color_gradient_type=\u00bblinear\u00bb background_color_gradient_direction=\u00bb180deg\u00bb background_color_gradient_direction_radial=\u00bbcenter\u00bb background_color_gradient_start_position=\u00bb0%\u00bb background_color_gradient_end_position=\u00bb100%\u00bb parallax=\u00bboff\u00bb parallax_method=\u00bbon\u00bb background_size=\u00bbcover\u00bb background_position=\u00bbcenter\u00bb background_repeat=\u00bbno-repeat\u00bb background_blend=\u00bbnormal\u00bb allow_player_pause=\u00bboff\u00bb box_shadow_style=\u00bbnone\u00bb box_shadow_color=\u00bbrgba(0,0,0,0.3)\u00bb box_shadow_position=\u00bbouter\u00bb]<\/p>\n<p>Accediendo desde el ordenador encontrar\u00e1s el \u201cBuz\u00f3n de sugerencias\u201d en la esquina superior derecha de la pantalla inicial. Desde ah\u00ed podr\u00e1s enviar un mensaje al responsable de la plataforma para que resuelva tus dudas.<\/p>\n<p>Te recomendamos que antes revises la documentaci\u00f3n que encontrar\u00e1s colgada en la plataforma. Ah\u00ed encontrar\u00e1s dos tutoriales muy sencillos sobre su funcionamiento.<\/p>\n<p>[\/et_pb_accordion_item][et_pb_accordion_item _builder_version=\u00bb3.0.82&#8243; title=\u00bb\u00bfC\u00f3mo puedo acceder desde un ordenador Mac?\u00bb use_background_color_gradient=\u00bboff\u00bb background_color_gradient_start=\u00bb#2b87da\u00bb background_color_gradient_end=\u00bb#29c4a9&#8243; background_color_gradient_type=\u00bblinear\u00bb background_color_gradient_direction=\u00bb180deg\u00bb background_color_gradient_direction_radial=\u00bbcenter\u00bb background_color_gradient_start_position=\u00bb0%\u00bb background_color_gradient_end_position=\u00bb100%\u00bb parallax=\u00bboff\u00bb parallax_method=\u00bbon\u00bb background_size=\u00bbcover\u00bb background_position=\u00bbcenter\u00bb background_repeat=\u00bbno-repeat\u00bb background_blend=\u00bbnormal\u00bb allow_player_pause=\u00bboff\u00bb box_shadow_style=\u00bbnone\u00bb box_shadow_color=\u00bbrgba(0,0,0,0.3)\u00bb box_shadow_position=\u00bbouter\u00bb]<\/p>\n<p>La plataforma no ofrece soporte para Safari, por lo que tendr\u00e1s que utilizar otro navegador como\u00a0<a href=\"https:\/\/www.google.es\/chrome\/browser\/desktop\/index.html\" target=\"_blank\" rel=\"noopener noreferrer\">Google Chrome<\/a>.\u00a0Puedes descargarlo pinchando sobre el enlace.<\/p>\n<p>[\/et_pb_accordion_item][et_pb_accordion_item _builder_version=\u00bb3.0.82&#8243; title=\u00bb\u00bfQu\u00e9 es el c\u00f3digo de activaci\u00f3n?\u00bb use_background_color_gradient=\u00bboff\u00bb background_color_gradient_start=\u00bb#2b87da\u00bb background_color_gradient_end=\u00bb#29c4a9&#8243; background_color_gradient_type=\u00bblinear\u00bb background_color_gradient_direction=\u00bb180deg\u00bb background_color_gradient_direction_radial=\u00bbcenter\u00bb background_color_gradient_start_position=\u00bb0%\u00bb background_color_gradient_end_position=\u00bb100%\u00bb parallax=\u00bboff\u00bb parallax_method=\u00bbon\u00bb background_size=\u00bbcover\u00bb background_position=\u00bbcenter\u00bb background_repeat=\u00bbno-repeat\u00bb background_blend=\u00bbnormal\u00bb allow_player_pause=\u00bboff\u00bb box_shadow_style=\u00bbnone\u00bb box_shadow_color=\u00bbrgba(0,0,0,0.3)\u00bb box_shadow_position=\u00bbouter\u00bb]<\/p>\n<p>Es un c\u00f3digo que se os facilitar\u00e1 en el colegio, el cual\u00a0necesario para iniciar sesi\u00f3n por primera vez desde las aplicaciones para m\u00f3vil o tablet.<\/p>\n<p>[\/et_pb_accordion_item][et_pb_accordion_item _builder_version=\u00bb3.0.82&#8243; title=\u00bb\u00bfC\u00f3mo a\u00f1ado mi correo para poder restablecer la contrase\u00f1a?\u00bb use_background_color_gradient=\u00bboff\u00bb background_color_gradient_start=\u00bb#2b87da\u00bb background_color_gradient_end=\u00bb#29c4a9&#8243; background_color_gradient_type=\u00bblinear\u00bb background_color_gradient_direction=\u00bb180deg\u00bb background_color_gradient_direction_radial=\u00bbcenter\u00bb background_color_gradient_start_position=\u00bb0%\u00bb background_color_gradient_end_position=\u00bb100%\u00bb parallax=\u00bboff\u00bb parallax_method=\u00bbon\u00bb background_size=\u00bbcover\u00bb background_position=\u00bbcenter\u00bb background_repeat=\u00bbno-repeat\u00bb background_blend=\u00bbnormal\u00bb allow_player_pause=\u00bboff\u00bb box_shadow_style=\u00bbnone\u00bb box_shadow_color=\u00bbrgba(0,0,0,0.3)\u00bb box_shadow_position=\u00bbouter\u00bb]<\/p>\n<p>Accediendo al men\u00fa personal dentro de Qualitas Escuela Familia (men\u00fa izquierdo) en datos personales, inlcuir el correo.<\/p>\n<p>Si en alg\u00fan momento perdemos u olvidamos nuestra clave de acceso, clicamos en la p\u00e1gina inicial <a href=\"http:\/\/www.qualitasescuelafamilia.com\">www.qualitasescuelafamilia.com <\/a>y pinchamos en <strong>\u00bfOlvid\u00f3 su contrase\u00f1a?<\/strong><\/p>\n<p>[\/et_pb_accordion_item] [\/et_pb_accordion][\/et_pb_column][\/et_pb_row][\/et_pb_section]<\/p>\n","protected":false},"excerpt":{"rendered":"<p>Tu canal directo de comunicaci\u00f3n con el colegio Estimadas familias: Un centro educativo de calidad necesita\u00a0un sistema de gesti\u00f3n integral para responder\u00a0a las necesidades educativas del siglo XXI. Uno de nuestros objetivos siempre ha sido el de enriquecer la necesaria\u00a0comunicaci\u00f3n entre el centro y vosotros, las familias. Ahora, mediante la plataforma Qualitas Educativa, ten\u00e9is la [&hellip;]<\/p>\n","protected":false},"author":2,"featured_media":0,"parent":0,"menu_order":0,"comment_status":"closed","ping_status":"closed","template":"","meta":{"_et_pb_use_builder":"on","_et_pb_old_content":"<p>[et_pb_section bb_built=\"1\"][et_pb_row][\/et_pb_row][\/et_pb_section]<\/p>","_et_gb_content_width":"","footnotes":""},"class_list":["post-4843","page","type-page","status-publish","hentry"],"yoast_head":"<!-- This site is optimized with the Yoast SEO plugin v27.2 - https:\/\/yoast.com\/product\/yoast-seo-wordpress\/ -->\n<title>Qualitas Educativa - Colegio Salesiano M\u00aa Auxiliadora Villena<\/title>\n<meta name=\"robots\" content=\"index, follow, max-snippet:-1, max-image-preview:large, max-video-preview:-1\" \/>\n<link rel=\"canonical\" href=\"https:\/\/villena.salesianos.edu\/colegio\/qe\/\" \/>\n<meta property=\"og:locale\" content=\"es_ES\" \/>\n<meta property=\"og:type\" content=\"article\" \/>\n<meta property=\"og:title\" content=\"Qualitas Educativa - Colegio Salesiano M\u00aa Auxiliadora Villena\" \/>\n<meta property=\"og:description\" content=\"Tu canal directo de comunicaci\u00f3n con el colegio Estimadas familias: Un centro educativo de calidad necesita\u00a0un sistema de gesti\u00f3n integral para responder\u00a0a las necesidades educativas del siglo XXI. Uno de nuestros objetivos siempre ha sido el de enriquecer la necesaria\u00a0comunicaci\u00f3n entre el centro y vosotros, las familias. Ahora, mediante la plataforma Qualitas Educativa, ten\u00e9is la [&hellip;]\" \/>\n<meta property=\"og:url\" content=\"https:\/\/villena.salesianos.edu\/colegio\/qe\/\" \/>\n<meta property=\"og:site_name\" content=\"Colegio Salesiano M\u00aa Auxiliadora Villena\" \/>\n<meta property=\"article:modified_time\" content=\"2017-10-26T10:01:58+00:00\" \/>\n<meta name=\"twitter:card\" content=\"summary_large_image\" \/>\n<meta name=\"twitter:label1\" content=\"Tiempo de lectura\" \/>\n\t<meta name=\"twitter:data1\" content=\"10 minutos\" \/>\n<script type=\"application\/ld+json\" class=\"yoast-schema-graph\">{\"@context\":\"https:\/\/schema.org\",\"@graph\":[{\"@type\":\"WebPage\",\"@id\":\"https:\/\/villena.salesianos.edu\/colegio\/qe\/\",\"url\":\"https:\/\/villena.salesianos.edu\/colegio\/qe\/\",\"name\":\"Qualitas Educativa - Colegio Salesiano M\u00aa Auxiliadora Villena\",\"isPartOf\":{\"@id\":\"https:\/\/villena.salesianos.edu\/colegio\/#website\"},\"datePublished\":\"2017-10-23T13:42:50+00:00\",\"dateModified\":\"2017-10-26T10:01:58+00:00\",\"breadcrumb\":{\"@id\":\"https:\/\/villena.salesianos.edu\/colegio\/qe\/#breadcrumb\"},\"inLanguage\":\"es\",\"potentialAction\":[{\"@type\":\"ReadAction\",\"target\":[\"https:\/\/villena.salesianos.edu\/colegio\/qe\/\"]}]},{\"@type\":\"BreadcrumbList\",\"@id\":\"https:\/\/villena.salesianos.edu\/colegio\/qe\/#breadcrumb\",\"itemListElement\":[{\"@type\":\"ListItem\",\"position\":1,\"name\":\"Portada\",\"item\":\"https:\/\/villena.salesianos.edu\/colegio\/\"},{\"@type\":\"ListItem\",\"position\":2,\"name\":\"Qualitas Educativa\"}]},{\"@type\":\"WebSite\",\"@id\":\"https:\/\/villena.salesianos.edu\/colegio\/#website\",\"url\":\"https:\/\/villena.salesianos.edu\/colegio\/\",\"name\":\"Colegio Salesiano M\u00aa Auxiliadora Villena\",\"description\":\"P\u00e1gina oficial Salesianos Villena\",\"potentialAction\":[{\"@type\":\"SearchAction\",\"target\":{\"@type\":\"EntryPoint\",\"urlTemplate\":\"https:\/\/villena.salesianos.edu\/colegio\/?s={search_term_string}\"},\"query-input\":{\"@type\":\"PropertyValueSpecification\",\"valueRequired\":true,\"valueName\":\"search_term_string\"}}],\"inLanguage\":\"es\"}]}<\/script>\n<!-- \/ Yoast SEO plugin. -->","yoast_head_json":{"title":"Qualitas Educativa - Colegio Salesiano M\u00aa Auxiliadora Villena","robots":{"index":"index","follow":"follow","max-snippet":"max-snippet:-1","max-image-preview":"max-image-preview:large","max-video-preview":"max-video-preview:-1"},"canonical":"https:\/\/villena.salesianos.edu\/colegio\/qe\/","og_locale":"es_ES","og_type":"article","og_title":"Qualitas Educativa - Colegio Salesiano M\u00aa Auxiliadora Villena","og_description":"Tu canal directo de comunicaci\u00f3n con el colegio Estimadas familias: Un centro educativo de calidad necesita\u00a0un sistema de gesti\u00f3n integral para responder\u00a0a las necesidades educativas del siglo XXI. Uno de nuestros objetivos siempre ha sido el de enriquecer la necesaria\u00a0comunicaci\u00f3n entre el centro y vosotros, las familias. Ahora, mediante la plataforma Qualitas Educativa, ten\u00e9is la [&hellip;]","og_url":"https:\/\/villena.salesianos.edu\/colegio\/qe\/","og_site_name":"Colegio Salesiano M\u00aa Auxiliadora Villena","article_modified_time":"2017-10-26T10:01:58+00:00","twitter_card":"summary_large_image","twitter_misc":{"Tiempo de lectura":"10 minutos"},"schema":{"@context":"https:\/\/schema.org","@graph":[{"@type":"WebPage","@id":"https:\/\/villena.salesianos.edu\/colegio\/qe\/","url":"https:\/\/villena.salesianos.edu\/colegio\/qe\/","name":"Qualitas Educativa - Colegio Salesiano M\u00aa Auxiliadora Villena","isPartOf":{"@id":"https:\/\/villena.salesianos.edu\/colegio\/#website"},"datePublished":"2017-10-23T13:42:50+00:00","dateModified":"2017-10-26T10:01:58+00:00","breadcrumb":{"@id":"https:\/\/villena.salesianos.edu\/colegio\/qe\/#breadcrumb"},"inLanguage":"es","potentialAction":[{"@type":"ReadAction","target":["https:\/\/villena.salesianos.edu\/colegio\/qe\/"]}]},{"@type":"BreadcrumbList","@id":"https:\/\/villena.salesianos.edu\/colegio\/qe\/#breadcrumb","itemListElement":[{"@type":"ListItem","position":1,"name":"Portada","item":"https:\/\/villena.salesianos.edu\/colegio\/"},{"@type":"ListItem","position":2,"name":"Qualitas Educativa"}]},{"@type":"WebSite","@id":"https:\/\/villena.salesianos.edu\/colegio\/#website","url":"https:\/\/villena.salesianos.edu\/colegio\/","name":"Colegio Salesiano M\u00aa Auxiliadora Villena","description":"P\u00e1gina oficial Salesianos Villena","potentialAction":[{"@type":"SearchAction","target":{"@type":"EntryPoint","urlTemplate":"https:\/\/villena.salesianos.edu\/colegio\/?s={search_term_string}"},"query-input":{"@type":"PropertyValueSpecification","valueRequired":true,"valueName":"search_term_string"}}],"inLanguage":"es"}]}},"_links":{"self":[{"href":"https:\/\/villena.salesianos.edu\/colegio\/wp-json\/wp\/v2\/pages\/4843","targetHints":{"allow":["GET"]}}],"collection":[{"href":"https:\/\/villena.salesianos.edu\/colegio\/wp-json\/wp\/v2\/pages"}],"about":[{"href":"https:\/\/villena.salesianos.edu\/colegio\/wp-json\/wp\/v2\/types\/page"}],"author":[{"embeddable":true,"href":"https:\/\/villena.salesianos.edu\/colegio\/wp-json\/wp\/v2\/users\/2"}],"replies":[{"embeddable":true,"href":"https:\/\/villena.salesianos.edu\/colegio\/wp-json\/wp\/v2\/comments?post=4843"}],"version-history":[{"count":8,"href":"https:\/\/villena.salesianos.edu\/colegio\/wp-json\/wp\/v2\/pages\/4843\/revisions"}],"predecessor-version":[{"id":4851,"href":"https:\/\/villena.salesianos.edu\/colegio\/wp-json\/wp\/v2\/pages\/4843\/revisions\/4851"}],"wp:attachment":[{"href":"https:\/\/villena.salesianos.edu\/colegio\/wp-json\/wp\/v2\/media?parent=4843"}],"curies":[{"name":"wp","href":"https:\/\/api.w.org\/{rel}","templated":true}]}}