{"id":7553,"date":"2017-11-13T23:24:05","date_gmt":"2017-11-13T22:24:05","guid":{"rendered":"https:\/\/villena.salesianos.edu\/colegio\/personal-pas-personal-infantil\/"},"modified":"2023-01-11T10:51:14","modified_gmt":"2023-01-11T09:51:14","slug":"personal-pas","status":"publish","type":"page","link":"https:\/\/villena.salesianos.edu\/colegio\/personal-pas\/","title":{"rendered":"Personal &#8211; PAS"},"content":{"rendered":"<div id=\"fb-root\"><\/div>\n<p>[et_pb_section fb_built=\u00bb1&#8243; fullwidth=\u00bbon\u00bb _builder_version=\u00bb4.16&#8243; global_colors_info=\u00bb{}\u00bb][et_pb_fullwidth_header title=\u00bbPAS\u00bb background_overlay_color=\u00bbrgba(224,11,0,0.61)\u00bb module_class=\u00bbpagina-imagen-cabecera\u00bb _builder_version=\u00bb4.16&#8243; title_text_color=\u00bb#ffffff\u00bb title_font_size=\u00bb40px\u00bb background_color=\u00bbrgba(255, 255, 255, 0)\u00bb background_image=\u00bbhttps:\/\/villena.salesianos.edu\/colegio\/wp-content\/uploads\/sites\/3\/2017\/07\/Foto-de-portada-Twitter_Salesianos-VILLENA.jpg\u00bb background_layout=\u00bblight\u00bb max_width_tablet=\u00bb50px\u00bb z_index_tablet=\u00bb500&#8243; title_text_shadow_horizontal_length_tablet=\u00bb0px\u00bb title_text_shadow_vertical_length_tablet=\u00bb0px\u00bb title_text_shadow_blur_strength_tablet=\u00bb1px\u00bb content_text_shadow_horizontal_length_tablet=\u00bb0px\u00bb content_text_shadow_vertical_length_tablet=\u00bb0px\u00bb content_text_shadow_blur_strength_tablet=\u00bb1px\u00bb subhead_text_shadow_horizontal_length_tablet=\u00bb0px\u00bb subhead_text_shadow_vertical_length_tablet=\u00bb0px\u00bb subhead_text_shadow_blur_strength_tablet=\u00bb1px\u00bb content_link_text_shadow_horizontal_length_tablet=\u00bb0px\u00bb content_link_text_shadow_vertical_length_tablet=\u00bb0px\u00bb content_link_text_shadow_blur_strength_tablet=\u00bb1px\u00bb content_ul_text_shadow_horizontal_length_tablet=\u00bb0px\u00bb content_ul_text_shadow_vertical_length_tablet=\u00bb0px\u00bb content_ul_text_shadow_blur_strength_tablet=\u00bb1px\u00bb content_ol_text_shadow_horizontal_length_tablet=\u00bb0px\u00bb content_ol_text_shadow_vertical_length_tablet=\u00bb0px\u00bb content_ol_text_shadow_blur_strength_tablet=\u00bb1px\u00bb content_quote_text_shadow_horizontal_length_tablet=\u00bb0px\u00bb content_quote_text_shadow_vertical_length_tablet=\u00bb0px\u00bb content_quote_text_shadow_blur_strength_tablet=\u00bb1px\u00bb button_one_text_shadow_horizontal_length_tablet=\u00bb0px\u00bb button_one_text_shadow_vertical_length_tablet=\u00bb0px\u00bb button_one_text_shadow_blur_strength_tablet=\u00bb1px\u00bb button_two_text_shadow_horizontal_length_tablet=\u00bb0px\u00bb button_two_text_shadow_vertical_length_tablet=\u00bb0px\u00bb button_two_text_shadow_blur_strength_tablet=\u00bb1px\u00bb box_shadow_horizontal_tablet=\u00bb0px\u00bb box_shadow_vertical_tablet=\u00bb0px\u00bb box_shadow_blur_tablet=\u00bb40px\u00bb box_shadow_spread_tablet=\u00bb0px\u00bb box_shadow_horizontal_image_tablet=\u00bb0px\u00bb box_shadow_vertical_image_tablet=\u00bb0px\u00bb box_shadow_blur_image_tablet=\u00bb40px\u00bb box_shadow_spread_image_tablet=\u00bb0px\u00bb box_shadow_horizontal_button_one_tablet=\u00bb0px\u00bb box_shadow_vertical_button_one_tablet=\u00bb0px\u00bb box_shadow_blur_button_one_tablet=\u00bb40px\u00bb box_shadow_spread_button_one_tablet=\u00bb0px\u00bb box_shadow_horizontal_button_two_tablet=\u00bb0px\u00bb box_shadow_vertical_button_two_tablet=\u00bb0px\u00bb box_shadow_blur_button_two_tablet=\u00bb40px\u00bb box_shadow_spread_button_two_tablet=\u00bb0px\u00bb text_shadow_horizontal_length_tablet=\u00bb0px\u00bb text_shadow_vertical_length_tablet=\u00bb0px\u00bb text_shadow_blur_strength_tablet=\u00bb1px\u00bb global_colors_info=\u00bb{}\u00bb button_one_text_size__hover_enabled=\u00bboff\u00bb button_one_text_size__hover=\u00bbnull\u00bb button_two_text_size__hover_enabled=\u00bboff\u00bb button_two_text_size__hover=\u00bbnull\u00bb button_one_text_color__hover_enabled=\u00bboff\u00bb button_one_text_color__hover=\u00bbnull\u00bb button_two_text_color__hover_enabled=\u00bboff\u00bb button_two_text_color__hover=\u00bbnull\u00bb button_one_border_width__hover_enabled=\u00bboff\u00bb button_one_border_width__hover=\u00bbnull\u00bb button_two_border_width__hover_enabled=\u00bboff\u00bb button_two_border_width__hover=\u00bbnull\u00bb button_one_border_color__hover_enabled=\u00bboff\u00bb button_one_border_color__hover=\u00bbnull\u00bb button_two_border_color__hover_enabled=\u00bboff\u00bb button_two_border_color__hover=\u00bbnull\u00bb button_one_border_radius__hover_enabled=\u00bboff\u00bb button_one_border_radius__hover=\u00bbnull\u00bb button_two_border_radius__hover_enabled=\u00bboff\u00bb button_two_border_radius__hover=\u00bbnull\u00bb button_one_letter_spacing__hover_enabled=\u00bboff\u00bb button_one_letter_spacing__hover=\u00bbnull\u00bb button_two_letter_spacing__hover_enabled=\u00bboff\u00bb button_two_letter_spacing__hover=\u00bbnull\u00bb button_one_bg_color__hover_enabled=\u00bboff\u00bb button_one_bg_color__hover=\u00bbnull\u00bb button_two_bg_color__hover_enabled=\u00bboff\u00bb button_two_bg_color__hover=\u00bbnull\u00bb][\/et_pb_fullwidth_header][\/et_pb_section][et_pb_section fb_built=\u00bb1&#8243; _builder_version=\u00bb4.16&#8243; background_color=\u00bbrgba(255,255,255,0.87)\u00bb background_image=\u00bbhttps:\/\/alicante.salesianos.edu\/colegio\/wp-content\/uploads\/sites\/2\/2018\/02\/textura_admisiones-min.jpg\u00bb background_blend=\u00bbsoft-light\u00bb custom_padding=\u00bb40px|0px|39px|0px\u00bb global_colors_info=\u00bb{}\u00bb][et_pb_row module_class=\u00bb et_pb_row_fullwidth et_pb_row_fullwidth et_pb_row_fullwidth\u00bb _builder_version=\u00bb4.16&#8243; width=\u00bb94%\u00bb width_tablet=\u00bb80%\u00bb width_phone=\u00bb\u00bb width_last_edited=\u00bbon|desktop\u00bb max_width=\u00bb94%\u00bb max_width_tablet=\u00bb80%\u00bb max_width_phone=\u00bb\u00bb max_width_last_edited=\u00bbon|desktop\u00bb custom_padding=\u00bb26.375px|0px|0px|0px\u00bb make_fullwidth=\u00bbon\u00bb global_colors_info=\u00bb{}\u00bb][et_pb_column type=\u00bb4_4&#8243; _builder_version=\u00bb4.16&#8243; custom_padding=\u00bb|||\u00bb global_colors_info=\u00bb{}\u00bb custom_padding__hover=\u00bb|||\u00bb][et_pb_blurb icon_placement=\u00bbleft\u00bb content_max_width=\u00bb1079px\u00bb disabled_on=\u00bbon|off|off\u00bb _builder_version=\u00bb4.16&#8243; header_level=\u00bbh2&#8243; header_font=\u00bbLato|300|||||||\u00bb header_font_size=\u00bb43px\u00bb body_text_color=\u00bbrgba(165,165,165,0.97)\u00bb body_font_size=\u00bb20px\u00bb body_line_height=\u00bb1.3em\u00bb text_orientation=\u00bbcenter\u00bb custom_margin=\u00bb|||\u00bb custom_padding=\u00bb||10px|\u00bb icon_font_size=\u00bb120px\u00bb use_circle=\u00bboff\u00bb use_circle_border=\u00bboff\u00bb global_colors_info=\u00bb{}\u00bb]<\/p>\n<div class=\"page\" title=\"Page 20\">\n<div class=\"section\">\n<div class=\"layoutArea\">\n<div class=\"column\" style=\"text-align: center;\"><em>La <strong>cohesi\u00f3n del equipo<\/strong> potencia nuestra <strong>misi\u00f3n\/valores<\/strong> y ayuda a conseguir de una manera m\u00e1s adecuada y eficaz nuestros objetivos.<\/em><\/div>\n<\/div>\n<\/div>\n<\/div>\n<p>[\/et_pb_blurb][\/et_pb_column][\/et_pb_row][\/et_pb_section][et_pb_section fb_built=\u00bb1&#8243; module_class=\u00bbpagina-seccion-contenido\u00bb _builder_version=\u00bb4.16&#8243; custom_padding=\u00bb-4%|||\u00bb global_colors_info=\u00bb{}\u00bb][et_pb_row disabled_on=\u00bboff|off|off\u00bb _builder_version=\u00bb4.16&#8243; custom_margin=\u00bb0px||10px|\u00bb custom_padding=\u00bb0px|0px|0px|0px\u00bb global_colors_info=\u00bb{}\u00bb column_structure=\u00bb1_3,1_3,1_3&#8243;][et_pb_column type=\u00bb1_3&#8243; _builder_version=\u00bb4.16&#8243; custom_padding=\u00bb|||\u00bb global_colors_info=\u00bb{}\u00bb custom_padding__hover=\u00bb|||\u00bb][et_pb_testimonial portrait_url=\u00bbhttps:\/\/villena.salesianos.edu\/colegio\/wp-content\/uploads\/sites\/3\/2021\/09\/Pico-Vicente-Enrique-scaled.jpg\u00bb quote_icon=\u00bboff\u00bb portrait_width=\u00bb140px\u00bb portrait_height=\u00bb140px\u00bb admin_label=\u00bbRecomendaci\u00f3n jose luis\u00bb _builder_version=\u00bb4.19.4&#8243; body_font=\u00bbLato|300|||||||\u00bb background_color=\u00bb#ffffff\u00bb text_orientation=\u00bbcenter\u00bb custom_margin=\u00bb||-20px|\u00bb custom_padding=\u00bb10px||0px|\u00bb child_filter_brightness=\u00bb106%\u00bb hover_enabled=\u00bb0&#8243; box_shadow_style_image=\u00bbpreset6&#8243; global_colors_info=\u00bb{}\u00bb title_text=\u00bbPic\u00f3 Vicente Enrique\u00bb sticky_enabled=\u00bb0&#8243;]<\/p>\n<h2 class=\"et_pb_module_header\">Vicente Enrique Pic\u00f3<\/h2>\n<p>Director de la Casa Salesiana<\/p>\n<p>[\/et_pb_testimonial][\/et_pb_column][et_pb_column type=\u00bb1_3&#8243; _builder_version=\u00bb4.16&#8243; custom_padding=\u00bb|||\u00bb global_colors_info=\u00bb{}\u00bb custom_padding__hover=\u00bb|||\u00bb][et_pb_testimonial portrait_url=\u00bbhttps:\/\/villena.salesianos.edu\/colegio\/wp-content\/uploads\/sites\/3\/2018\/11\/Pardo-Garva\u00f1-Raul.jpg\u00bb quote_icon=\u00bboff\u00bb portrait_width=\u00bb140px\u00bb portrait_height=\u00bb140px\u00bb admin_label=\u00bbRecomendaci\u00f3n paco\u00bb _builder_version=\u00bb4.19.4&#8243; body_font=\u00bbLato|300|||||||\u00bb background_color=\u00bb#ffffff\u00bb text_orientation=\u00bbcenter\u00bb custom_margin=\u00bb||-20px|\u00bb custom_padding=\u00bb10px||0px|\u00bb child_filter_brightness=\u00bb106%\u00bb hover_enabled=\u00bb0&#8243; box_shadow_style_image=\u00bbpreset6&#8243; global_colors_info=\u00bb{}\u00bb title_text=\u00bbPardo Garva\u00f1, Raul\u00bb sticky_enabled=\u00bb0&#8243;]<\/p>\n<h2>Ra\u00fal Pardo<\/h2>\n<p>Administrador y Contabilidad<\/p>\n<p>[\/et_pb_testimonial][\/et_pb_column][et_pb_column type=\u00bb1_3&#8243; _builder_version=\u00bb4.16&#8243; custom_padding=\u00bb|||\u00bb global_colors_info=\u00bb{}\u00bb custom_padding__hover=\u00bb|||\u00bb][et_pb_testimonial portrait_url=\u00bbhttps:\/\/villena.salesianos.edu\/colegio\/wp-content\/uploads\/sites\/3\/2023\/01\/Martin-Gomez-Francisco-Manuel.jpg\u00bb quote_icon=\u00bboff\u00bb portrait_width=\u00bb140px\u00bb portrait_height=\u00bb140px\u00bb admin_label=\u00bbRecomendaci\u00f3n julio\u00bb _builder_version=\u00bb4.19.4&#8243; body_font=\u00bbLato|300|||||||\u00bb background_color=\u00bb#ffffff\u00bb text_orientation=\u00bbcenter\u00bb custom_margin=\u00bb||-20px|\u00bb custom_padding=\u00bb10px||0px|\u00bb child_filter_brightness=\u00bb106%\u00bb hover_enabled=\u00bb0&#8243; box_shadow_style_image=\u00bbpreset6&#8243; global_colors_info=\u00bb{}\u00bb title_text=\u00bbMart\u00edn G\u00f3mez Francisco Manuel\u00bb sticky_enabled=\u00bb0&#8243;]<\/p>\n<h2>Francisco Mart\u00edn<\/h2>\n<p>Conserje<\/p>\n<p>[\/et_pb_testimonial][\/et_pb_column][\/et_pb_row][et_pb_row disabled_on=\u00bboff|off|off\u00bb _builder_version=\u00bb4.16&#8243; custom_margin=\u00bb0px||10px|\u00bb custom_padding=\u00bb0px|0px|0px|0px\u00bb global_colors_info=\u00bb{}\u00bb column_structure=\u00bb1_3,1_3,1_3&#8243;][et_pb_column type=\u00bb1_3&#8243; _builder_version=\u00bb4.16&#8243; custom_padding=\u00bb|||\u00bb global_colors_info=\u00bb{}\u00bb custom_padding__hover=\u00bb|||\u00bb][et_pb_testimonial portrait_url=\u00bbhttps:\/\/villena.salesianos.edu\/colegio\/wp-content\/uploads\/sites\/3\/2018\/11\/Domene-Magdalena.jpg\u00bb quote_icon=\u00bboff\u00bb portrait_width=\u00bb140px\u00bb portrait_height=\u00bb140px\u00bb admin_label=\u00bbRecomendaci\u00f3n magda\u00bb _builder_version=\u00bb4.16&#8243; body_font=\u00bbLato|300|||||||\u00bb background_color=\u00bb#ffffff\u00bb text_orientation=\u00bbcenter\u00bb custom_margin=\u00bb||-20px|\u00bb custom_padding=\u00bb10px||0px|\u00bb child_filter_brightness=\u00bb106%\u00bb box_shadow_style_image=\u00bbpreset6&#8243; global_colors_info=\u00bb{}\u00bb]<\/p>\n<h2 class=\"et_pb_module_header\">Magdalena Domene<\/h2>\n<p>Limpieza<\/p>\n<div class=\"et_pb_column et_pb_column_1_4 et_pb_column_9 et_pb_css_mix_blend_mode_passthrough et-last-child\">\n<div class=\"et_pb_module et_pb_image et-waypoint et_animated et_pb_image_3 slideLeft et-animated\"><\/div>\n<\/div>\n<p>[\/et_pb_testimonial][\/et_pb_column][et_pb_column type=\u00bb1_3&#8243; _builder_version=\u00bb4.16&#8243; custom_padding=\u00bb|||\u00bb global_colors_info=\u00bb{}\u00bb custom_padding__hover=\u00bb|||\u00bb][et_pb_testimonial portrait_url=\u00bbhttps:\/\/villena.salesianos.edu\/colegio\/wp-content\/uploads\/sites\/3\/2018\/11\/Hern\u00e1ndez-jos\u00e9-Ram\u00f3n.png\u00bb quote_icon=\u00bboff\u00bb portrait_width=\u00bb140px\u00bb portrait_height=\u00bb140px\u00bb admin_label=\u00bbRecomendaci\u00f3n jose ramon\u00bb _builder_version=\u00bb4.16&#8243; body_font=\u00bbLato|300|||||||\u00bb background_color=\u00bb#ffffff\u00bb text_orientation=\u00bbcenter\u00bb custom_margin=\u00bb||-20px|\u00bb custom_padding=\u00bb10px||0px|\u00bb child_filter_brightness=\u00bb106%\u00bb box_shadow_style_image=\u00bbpreset6&#8243; global_colors_info=\u00bb{}\u00bb]<\/p>\n<h2>Jos\u00e9 Ram\u00f3n Hern\u00e1ndez<\/h2>\n<p>Mantenimiento<\/p>\n<p>[\/et_pb_testimonial][\/et_pb_column][et_pb_column type=\u00bb1_3&#8243; _builder_version=\u00bb4.16&#8243; custom_padding=\u00bb|||\u00bb global_colors_info=\u00bb{}\u00bb custom_padding__hover=\u00bb|||\u00bb][et_pb_testimonial portrait_url=\u00bbhttps:\/\/villena.salesianos.edu\/colegio\/wp-content\/uploads\/sites\/3\/2018\/11\/Tom\u00e1s-Ague.png\u00bb quote_icon=\u00bboff\u00bb portrait_width=\u00bb140px\u00bb portrait_height=\u00bb140px\u00bb admin_label=\u00bbRecomendaci\u00f3n ague\u00bb _builder_version=\u00bb4.16&#8243; body_font=\u00bbLato|300|||||||\u00bb background_color=\u00bb#ffffff\u00bb text_orientation=\u00bbcenter\u00bb custom_margin=\u00bb||-20px|\u00bb custom_padding=\u00bb10px||0px|\u00bb child_filter_brightness=\u00bb106%\u00bb box_shadow_style_image=\u00bbpreset6&#8243; global_colors_info=\u00bb{}\u00bb]<\/p>\n<h2>Ague Tom\u00e1s<\/h2>\n<p>Limpieza<\/p>\n<p>[\/et_pb_testimonial][\/et_pb_column][\/et_pb_row][et_pb_row disabled_on=\u00bboff|off|off\u00bb _builder_version=\u00bb4.16&#8243; custom_margin=\u00bb0px||10px|\u00bb custom_padding=\u00bb0px|0px|0px|0px\u00bb global_colors_info=\u00bb{}\u00bb column_structure=\u00bb1_3,1_3,1_3&#8243;][et_pb_column type=\u00bb1_3&#8243; _builder_version=\u00bb4.16&#8243; custom_padding=\u00bb|||\u00bb global_colors_info=\u00bb{}\u00bb custom_padding__hover=\u00bb|||\u00bb][et_pb_testimonial portrait_url=\u00bbhttps:\/\/villena.salesianos.edu\/colegio\/wp-content\/uploads\/sites\/3\/2018\/11\/Cabanes-Inma.png\u00bb quote_icon=\u00bboff\u00bb portrait_width=\u00bb140px\u00bb portrait_height=\u00bb140px\u00bb admin_label=\u00bbRecomendaci\u00f3n inma\u00bb _builder_version=\u00bb4.16&#8243; body_font=\u00bbLato|300|||||||\u00bb background_color=\u00bb#ffffff\u00bb text_orientation=\u00bbcenter\u00bb custom_margin=\u00bb||-20px|\u00bb custom_padding=\u00bb10px||0px|\u00bb child_filter_brightness=\u00bb106%\u00bb box_shadow_style_image=\u00bbpreset6&#8243; global_colors_info=\u00bb{}\u00bb]<\/p>\n<h2 class=\"et_pb_module_header\">Inma Cabanes<\/h2>\n<p>Limpieza<\/p>\n<div class=\"et_pb_column et_pb_column_1_4 et_pb_column_9 et_pb_css_mix_blend_mode_passthrough et-last-child\">\n<div class=\"et_pb_module et_pb_image et-waypoint et_animated et_pb_image_3 slideLeft et-animated\"><\/div>\n<\/div>\n<p>[\/et_pb_testimonial][\/et_pb_column][et_pb_column type=\u00bb1_3&#8243; _builder_version=\u00bb4.16&#8243; custom_padding=\u00bb|||\u00bb global_colors_info=\u00bb{}\u00bb custom_padding__hover=\u00bb|||\u00bb][et_pb_testimonial portrait_url=\u00bbhttps:\/\/villena.salesianos.edu\/colegio\/wp-content\/uploads\/sites\/3\/2018\/11\/S\u00e1nchez-Cristina.jpg\u00bb quote_icon=\u00bboff\u00bb portrait_width=\u00bb140px\u00bb portrait_height=\u00bb140px\u00bb admin_label=\u00bbRecomendaci\u00f3n cristina\u00bb _builder_version=\u00bb4.16&#8243; body_font=\u00bbLato|300|||||||\u00bb background_color=\u00bb#ffffff\u00bb text_orientation=\u00bbcenter\u00bb custom_margin=\u00bb||-20px|\u00bb custom_padding=\u00bb10px||0px|\u00bb child_filter_brightness=\u00bb106%\u00bb box_shadow_style_image=\u00bbpreset6&#8243; global_colors_info=\u00bb{}\u00bb]<\/p>\n<h2 class=\"et_pb_module_header\">Cristina S\u00e1nchez<\/h2>\n<p>Limpieza<\/p>\n<p>[\/et_pb_testimonial][\/et_pb_column][et_pb_column type=\u00bb1_3&#8243; _builder_version=\u00bb4.16&#8243; custom_padding=\u00bb|||\u00bb global_colors_info=\u00bb{}\u00bb custom_padding__hover=\u00bb|||\u00bb][\/et_pb_column][\/et_pb_row][et_pb_row _builder_version=\u00bb4.16&#8243; global_colors_info=\u00bb{}\u00bb][et_pb_column type=\u00bb4_4&#8243; _builder_version=\u00bb4.16&#8243; custom_padding=\u00bb|||\u00bb global_colors_info=\u00bb{}\u00bb custom_padding__hover=\u00bb|||\u00bb][et_pb_divider show_divider=\u00bboff\u00bb disabled_on=\u00bbon|on|off\u00bb _builder_version=\u00bb4.16&#8243; global_colors_info=\u00bb{}\u00bb][\/et_pb_divider][et_pb_button button_url=\u00bbhttps:\/\/villena.salesianos.edu\/colegio\/personal\u00bb button_text=\u00bbVolver\u00bb button_alignment=\u00bbcenter\u00bb _builder_version=\u00bb4.16&#8243; custom_button=\u00bbon\u00bb button_text_color=\u00bb#ffffff\u00bb button_bg_color=\u00bb#e02b20&#8243; button_border_width=\u00bb0px\u00bb button_icon=\u00bb&#x35;||divi||400&#8243; global_colors_info=\u00bb{}\u00bb button_text_size__hover_enabled=\u00bboff\u00bb button_text_size__hover=\u00bbnull\u00bb button_one_text_size__hover_enabled=\u00bboff\u00bb button_one_text_size__hover=\u00bbnull\u00bb button_two_text_size__hover_enabled=\u00bboff\u00bb button_two_text_size__hover=\u00bbnull\u00bb button_text_color__hover_enabled=\u00bboff\u00bb button_text_color__hover=\u00bbnull\u00bb button_one_text_color__hover_enabled=\u00bboff\u00bb button_one_text_color__hover=\u00bbnull\u00bb button_two_text_color__hover_enabled=\u00bboff\u00bb button_two_text_color__hover=\u00bbnull\u00bb button_border_width__hover_enabled=\u00bboff\u00bb button_border_width__hover=\u00bbnull\u00bb button_one_border_width__hover_enabled=\u00bboff\u00bb button_one_border_width__hover=\u00bbnull\u00bb button_two_border_width__hover_enabled=\u00bboff\u00bb button_two_border_width__hover=\u00bbnull\u00bb button_border_color__hover_enabled=\u00bboff\u00bb button_border_color__hover=\u00bbnull\u00bb button_one_border_color__hover_enabled=\u00bboff\u00bb button_one_border_color__hover=\u00bbnull\u00bb button_two_border_color__hover_enabled=\u00bboff\u00bb button_two_border_color__hover=\u00bbnull\u00bb button_border_radius__hover_enabled=\u00bboff\u00bb button_border_radius__hover=\u00bbnull\u00bb button_one_border_radius__hover_enabled=\u00bboff\u00bb button_one_border_radius__hover=\u00bbnull\u00bb button_two_border_radius__hover_enabled=\u00bboff\u00bb button_two_border_radius__hover=\u00bbnull\u00bb button_letter_spacing__hover_enabled=\u00bboff\u00bb button_letter_spacing__hover=\u00bbnull\u00bb button_one_letter_spacing__hover_enabled=\u00bboff\u00bb button_one_letter_spacing__hover=\u00bbnull\u00bb button_two_letter_spacing__hover_enabled=\u00bboff\u00bb button_two_letter_spacing__hover=\u00bbnull\u00bb button_bg_color__hover_enabled=\u00bboff\u00bb button_bg_color__hover=\u00bbnull\u00bb button_one_bg_color__hover_enabled=\u00bboff\u00bb button_one_bg_color__hover=\u00bbnull\u00bb button_two_bg_color__hover_enabled=\u00bboff\u00bb button_two_bg_color__hover=\u00bbnull\u00bb][\/et_pb_button][\/et_pb_column][\/et_pb_row][\/et_pb_section]<\/p>\n","protected":false},"excerpt":{"rendered":"<p>La cohesi\u00f3n del equipo potencia nuestra misi\u00f3n\/valores y ayuda a conseguir de una manera m\u00e1s adecuada y eficaz nuestros objetivos. Vicente Enrique Pic\u00f3 Director de la Casa SalesianaRa\u00fal Pardo Administrador y ContabilidadFrancisco Mart\u00edn ConserjeMagdalena Domene Limpieza Jos\u00e9 Ram\u00f3n Hern\u00e1ndez Mantenimiento Ague Tom\u00e1s Limpieza Inma Cabanes Limpieza Cristina S\u00e1nchez Limpieza<\/p>\n","protected":false},"author":2,"featured_media":0,"parent":0,"menu_order":0,"comment_status":"closed","ping_status":"closed","template":"","meta":{"_et_pb_use_builder":"on","_et_pb_old_content":"","_et_gb_content_width":"","footnotes":""},"class_list":["post-7553","page","type-page","status-publish","hentry"],"yoast_head":"<!-- This site is optimized with the Yoast SEO plugin v27.2 - https:\/\/yoast.com\/product\/yoast-seo-wordpress\/ -->\n<title>Personal - PAS - Colegio Salesiano M\u00aa Auxiliadora Villena<\/title>\n<meta name=\"robots\" content=\"index, follow, max-snippet:-1, max-image-preview:large, max-video-preview:-1\" \/>\n<link rel=\"canonical\" href=\"https:\/\/villena.salesianos.edu\/colegio\/personal-pas\/\" \/>\n<meta property=\"og:locale\" content=\"es_ES\" \/>\n<meta property=\"og:type\" content=\"article\" \/>\n<meta property=\"og:title\" content=\"Personal - PAS - Colegio Salesiano M\u00aa Auxiliadora Villena\" \/>\n<meta property=\"og:description\" content=\"La cohesi\u00f3n del equipo potencia nuestra misi\u00f3n\/valores y ayuda a conseguir de una manera m\u00e1s adecuada y eficaz nuestros objetivos. Vicente Enrique Pic\u00f3 Director de la Casa SalesianaRa\u00fal Pardo Administrador y ContabilidadFrancisco Mart\u00edn ConserjeMagdalena Domene Limpieza Jos\u00e9 Ram\u00f3n Hern\u00e1ndez Mantenimiento Ague Tom\u00e1s Limpieza Inma Cabanes Limpieza Cristina S\u00e1nchez Limpieza\" \/>\n<meta property=\"og:url\" content=\"https:\/\/villena.salesianos.edu\/colegio\/personal-pas\/\" \/>\n<meta property=\"og:site_name\" content=\"Colegio Salesiano M\u00aa Auxiliadora Villena\" \/>\n<meta property=\"article:modified_time\" content=\"2023-01-11T09:51:14+00:00\" \/>\n<meta name=\"twitter:card\" content=\"summary_large_image\" \/>\n<meta name=\"twitter:label1\" content=\"Tiempo de lectura\" \/>\n\t<meta name=\"twitter:data1\" content=\"10 minutos\" \/>\n<script type=\"application\/ld+json\" class=\"yoast-schema-graph\">{\"@context\":\"https:\/\/schema.org\",\"@graph\":[{\"@type\":\"WebPage\",\"@id\":\"https:\/\/villena.salesianos.edu\/colegio\/personal-pas\/\",\"url\":\"https:\/\/villena.salesianos.edu\/colegio\/personal-pas\/\",\"name\":\"Personal - PAS - Colegio Salesiano M\u00aa Auxiliadora Villena\",\"isPartOf\":{\"@id\":\"https:\/\/villena.salesianos.edu\/colegio\/#website\"},\"datePublished\":\"2017-11-13T22:24:05+00:00\",\"dateModified\":\"2023-01-11T09:51:14+00:00\",\"breadcrumb\":{\"@id\":\"https:\/\/villena.salesianos.edu\/colegio\/personal-pas\/#breadcrumb\"},\"inLanguage\":\"es\",\"potentialAction\":[{\"@type\":\"ReadAction\",\"target\":[\"https:\/\/villena.salesianos.edu\/colegio\/personal-pas\/\"]}]},{\"@type\":\"BreadcrumbList\",\"@id\":\"https:\/\/villena.salesianos.edu\/colegio\/personal-pas\/#breadcrumb\",\"itemListElement\":[{\"@type\":\"ListItem\",\"position\":1,\"name\":\"Portada\",\"item\":\"https:\/\/villena.salesianos.edu\/colegio\/\"},{\"@type\":\"ListItem\",\"position\":2,\"name\":\"Personal &#8211; PAS\"}]},{\"@type\":\"WebSite\",\"@id\":\"https:\/\/villena.salesianos.edu\/colegio\/#website\",\"url\":\"https:\/\/villena.salesianos.edu\/colegio\/\",\"name\":\"Colegio Salesiano M\u00aa Auxiliadora Villena\",\"description\":\"P\u00e1gina oficial Salesianos Villena\",\"potentialAction\":[{\"@type\":\"SearchAction\",\"target\":{\"@type\":\"EntryPoint\",\"urlTemplate\":\"https:\/\/villena.salesianos.edu\/colegio\/?s={search_term_string}\"},\"query-input\":{\"@type\":\"PropertyValueSpecification\",\"valueRequired\":true,\"valueName\":\"search_term_string\"}}],\"inLanguage\":\"es\"}]}<\/script>\n<!-- \/ Yoast SEO plugin. -->","yoast_head_json":{"title":"Personal - PAS - Colegio Salesiano M\u00aa Auxiliadora Villena","robots":{"index":"index","follow":"follow","max-snippet":"max-snippet:-1","max-image-preview":"max-image-preview:large","max-video-preview":"max-video-preview:-1"},"canonical":"https:\/\/villena.salesianos.edu\/colegio\/personal-pas\/","og_locale":"es_ES","og_type":"article","og_title":"Personal - PAS - Colegio Salesiano M\u00aa Auxiliadora Villena","og_description":"La cohesi\u00f3n del equipo potencia nuestra misi\u00f3n\/valores y ayuda a conseguir de una manera m\u00e1s adecuada y eficaz nuestros objetivos. Vicente Enrique Pic\u00f3 Director de la Casa SalesianaRa\u00fal Pardo Administrador y ContabilidadFrancisco Mart\u00edn ConserjeMagdalena Domene Limpieza Jos\u00e9 Ram\u00f3n Hern\u00e1ndez Mantenimiento Ague Tom\u00e1s Limpieza Inma Cabanes Limpieza Cristina S\u00e1nchez Limpieza","og_url":"https:\/\/villena.salesianos.edu\/colegio\/personal-pas\/","og_site_name":"Colegio Salesiano M\u00aa Auxiliadora Villena","article_modified_time":"2023-01-11T09:51:14+00:00","twitter_card":"summary_large_image","twitter_misc":{"Tiempo de lectura":"10 minutos"},"schema":{"@context":"https:\/\/schema.org","@graph":[{"@type":"WebPage","@id":"https:\/\/villena.salesianos.edu\/colegio\/personal-pas\/","url":"https:\/\/villena.salesianos.edu\/colegio\/personal-pas\/","name":"Personal - PAS - Colegio Salesiano M\u00aa Auxiliadora Villena","isPartOf":{"@id":"https:\/\/villena.salesianos.edu\/colegio\/#website"},"datePublished":"2017-11-13T22:24:05+00:00","dateModified":"2023-01-11T09:51:14+00:00","breadcrumb":{"@id":"https:\/\/villena.salesianos.edu\/colegio\/personal-pas\/#breadcrumb"},"inLanguage":"es","potentialAction":[{"@type":"ReadAction","target":["https:\/\/villena.salesianos.edu\/colegio\/personal-pas\/"]}]},{"@type":"BreadcrumbList","@id":"https:\/\/villena.salesianos.edu\/colegio\/personal-pas\/#breadcrumb","itemListElement":[{"@type":"ListItem","position":1,"name":"Portada","item":"https:\/\/villena.salesianos.edu\/colegio\/"},{"@type":"ListItem","position":2,"name":"Personal &#8211; PAS"}]},{"@type":"WebSite","@id":"https:\/\/villena.salesianos.edu\/colegio\/#website","url":"https:\/\/villena.salesianos.edu\/colegio\/","name":"Colegio Salesiano M\u00aa Auxiliadora Villena","description":"P\u00e1gina oficial Salesianos Villena","potentialAction":[{"@type":"SearchAction","target":{"@type":"EntryPoint","urlTemplate":"https:\/\/villena.salesianos.edu\/colegio\/?s={search_term_string}"},"query-input":{"@type":"PropertyValueSpecification","valueRequired":true,"valueName":"search_term_string"}}],"inLanguage":"es"}]}},"_links":{"self":[{"href":"https:\/\/villena.salesianos.edu\/colegio\/wp-json\/wp\/v2\/pages\/7553","targetHints":{"allow":["GET"]}}],"collection":[{"href":"https:\/\/villena.salesianos.edu\/colegio\/wp-json\/wp\/v2\/pages"}],"about":[{"href":"https:\/\/villena.salesianos.edu\/colegio\/wp-json\/wp\/v2\/types\/page"}],"author":[{"embeddable":true,"href":"https:\/\/villena.salesianos.edu\/colegio\/wp-json\/wp\/v2\/users\/2"}],"replies":[{"embeddable":true,"href":"https:\/\/villena.salesianos.edu\/colegio\/wp-json\/wp\/v2\/comments?post=7553"}],"version-history":[{"count":7,"href":"https:\/\/villena.salesianos.edu\/colegio\/wp-json\/wp\/v2\/pages\/7553\/revisions"}],"predecessor-version":[{"id":13787,"href":"https:\/\/villena.salesianos.edu\/colegio\/wp-json\/wp\/v2\/pages\/7553\/revisions\/13787"}],"wp:attachment":[{"href":"https:\/\/villena.salesianos.edu\/colegio\/wp-json\/wp\/v2\/media?parent=7553"}],"curies":[{"name":"wp","href":"https:\/\/api.w.org\/{rel}","templated":true}]}}