{"id":3588,"date":"2017-10-11T14:39:32","date_gmt":"2017-10-11T13:39:32","guid":{"rendered":"https:\/\/villena.salesianos.edu\/instalaciones\/exteriores-2\/"},"modified":"2018-04-11T10:42:52","modified_gmt":"2018-04-11T09:42:52","slug":"patio-colegio","status":"publish","type":"page","link":"https:\/\/villena.salesianos.edu\/instalaciones\/patio-colegio\/","title":{"rendered":"Patio Colegio"},"content":{"rendered":"<div id=\"fb-root\"><\/div>\n<p>[et_pb_section bb_built=\u00bb1&#8243; fullwidth=\u00bbon\u00bb specialty=\u00bboff\u00bb][et_pb_fullwidth_header title=\u00bbPatio Colegio\u00bb background_layout=\u00bblight\u00bb text_orientation=\u00bbleft\u00bb header_fullscreen=\u00bboff\u00bb header_scroll_down=\u00bboff\u00bb background_url=\u00bbhttps:\/\/inspectoria.salesianos.edu\/wp-content\/uploads\/2017\/02\/ImagenPAGINA01.png\u00bb content_orientation=\u00bbcenter\u00bb image_orientation=\u00bbcenter\u00bb title_font_color=\u00bb#ffffff\u00bb custom_button_one=\u00bboff\u00bb button_one_letter_spacing=\u00bb0&#8243; button_one_icon_placement=\u00bbright\u00bb button_one_letter_spacing_hover=\u00bb0&#8243; custom_button_two=\u00bboff\u00bb button_two_letter_spacing=\u00bb0&#8243; button_two_icon_placement=\u00bbright\u00bb button_two_letter_spacing_hover=\u00bb0&#8243; module_class=\u00bbpagina-imagen-cabecera\u00bb title_font_size=\u00bb40px\u00bb _builder_version=\u00bb3.0.76&#8243; background_image=\u00bbhttps:\/\/villena.salesianos.edu\/instalaciones\/wp-content\/uploads\/sites\/8\/2017\/10\/patio11.jpg\u00bb \/][\/et_pb_section][et_pb_section bb_built=\u00bb1&#8243; fullwidth=\u00bboff\u00bb specialty=\u00bboff\u00bb transparent_background=\u00bboff\u00bb allow_player_pause=\u00bboff\u00bb inner_shadow=\u00bboff\u00bb parallax=\u00bboff\u00bb parallax_method=\u00bboff\u00bb custom_padding=\u00bb-4%|||\u00bb make_fullwidth=\u00bboff\u00bb use_custom_width=\u00bboff\u00bb width_unit=\u00bbon\u00bb make_equal=\u00bboff\u00bb use_custom_gutter=\u00bboff\u00bb module_class=\u00bbpagina-seccion-contenido\u00bb][et_pb_row make_fullwidth=\u00bboff\u00bb use_custom_width=\u00bboff\u00bb width_unit=\u00bbon\u00bb use_custom_gutter=\u00bboff\u00bb allow_player_pause=\u00bboff\u00bb parallax=\u00bboff\u00bb parallax_method=\u00bboff\u00bb make_equal=\u00bboff\u00bb parallax_1=\u00bboff\u00bb parallax_method_1=\u00bboff\u00bb module_class=\u00bbpagina-texto\u00bb background_position=\u00bbtop_left\u00bb background_repeat=\u00bbrepeat\u00bb background_size=\u00bbinitial\u00bb][et_pb_column type=\u00bb4_4&#8243;][et_pb_text background_layout=\u00bblight\u00bb border_style=\u00bbsolid\u00bb _builder_version=\u00bb3.0.76&#8243;]<\/p>\n<h2>Patio del Colegio<\/h2>\n<p>&nbsp;<\/p>\n<p>Amplio patio remodelado en el cruso 2016-2017 con motivo de la celebraci\u00f3n del Centenario de la presencia de los Salesianos en Villena.<\/p>\n<p>Disponemos de 3 pistas de f\u00fatbol sala, un front\u00f3n, una pista de baloncesto, 5 de minibasket, una pista de bal\u00f3n prisionero, aseos, p\u00f3rtico y zona cubierta con una pista de f\u00fatbol sala.<\/p>\n<p>[\/et_pb_text][et_pb_gallery _builder_version=\u00bb3.0.76&#8243; posts_number=\u00bb24&#8243; show_title_and_caption=\u00bbon\u00bb show_pagination=\u00bbon\u00bb gallery_ids=\u00bb3611,3610,3609,3606,3607,3608,3605,3604,3603,3600,3601,3602,3599,3598,3597,3595,3596,3593,3592&#8243; fullwidth=\u00bboff\u00bb orientation=\u00bblandscape\u00bb zoom_icon_color=\u00bb#dc001b\u00bb hover_overlay_color=\u00bbrgba(255,255,255,0.9)\u00bb background_layout=\u00bblight\u00bb pagination_font_size_tablet=\u00bb51&#8243; pagination_line_height_tablet=\u00bb2&#8243; border_style=\u00bbsolid\u00bb \/][\/et_pb_column][\/et_pb_row][\/et_pb_section]<\/p>\n","protected":false},"excerpt":{"rendered":"<p>Patio del Colegio &nbsp; Amplio patio remodelado en el cruso 2016-2017 con motivo de la celebraci\u00f3n del Centenario de la presencia de los Salesianos en Villena. Disponemos de 3 pistas de f\u00fatbol sala, un front\u00f3n, una pista de baloncesto, 5 de minibasket, una pista de bal\u00f3n prisionero, aseos, p\u00f3rtico y zona cubierta con una pista [&hellip;]<\/p>\n","protected":false},"author":2,"featured_media":0,"parent":0,"menu_order":0,"comment_status":"closed","ping_status":"closed","template":"","meta":{"_et_pb_use_builder":"on","_et_pb_old_content":"","_et_gb_content_width":"","footnotes":""},"class_list":["post-3588","page","type-page","status-publish","hentry"],"yoast_head":"<!-- This site is optimized with the Yoast SEO plugin v27.4 - https:\/\/yoast.com\/product\/yoast-seo-wordpress\/ -->\n<title>Patio Colegio - Instalaciones<\/title>\n<meta name=\"robots\" content=\"index, follow, max-snippet:-1, max-image-preview:large, max-video-preview:-1\" \/>\n<link rel=\"canonical\" href=\"https:\/\/villena.salesianos.edu\/instalaciones\/patio-colegio\/\" \/>\n<meta property=\"og:locale\" content=\"es_ES\" \/>\n<meta property=\"og:type\" content=\"article\" \/>\n<meta property=\"og:title\" content=\"Patio Colegio - Instalaciones\" \/>\n<meta property=\"og:description\" content=\"Patio del Colegio &nbsp; Amplio patio remodelado en el cruso 2016-2017 con motivo de la celebraci\u00f3n del Centenario de la presencia de los Salesianos en Villena. Disponemos de 3 pistas de f\u00fatbol sala, un front\u00f3n, una pista de baloncesto, 5 de minibasket, una pista de bal\u00f3n prisionero, aseos, p\u00f3rtico y zona cubierta con una pista [&hellip;]\" \/>\n<meta property=\"og:url\" content=\"https:\/\/villena.salesianos.edu\/instalaciones\/patio-colegio\/\" \/>\n<meta property=\"og:site_name\" content=\"Instalaciones\" \/>\n<meta property=\"article:modified_time\" content=\"2018-04-11T09:42:52+00:00\" \/>\n<meta name=\"twitter:card\" content=\"summary_large_image\" \/>\n<meta name=\"twitter:label1\" content=\"Tiempo de lectura\" \/>\n\t<meta name=\"twitter:data1\" content=\"2 minutos\" \/>\n<script type=\"application\/ld+json\" class=\"yoast-schema-graph\">{\"@context\":\"https:\\\/\\\/schema.org\",\"@graph\":[{\"@type\":\"WebPage\",\"@id\":\"https:\\\/\\\/villena.salesianos.edu\\\/instalaciones\\\/patio-colegio\\\/\",\"url\":\"https:\\\/\\\/villena.salesianos.edu\\\/instalaciones\\\/patio-colegio\\\/\",\"name\":\"Patio Colegio - Instalaciones\",\"isPartOf\":{\"@id\":\"https:\\\/\\\/villena.salesianos.edu\\\/instalaciones\\\/#website\"},\"datePublished\":\"2017-10-11T13:39:32+00:00\",\"dateModified\":\"2018-04-11T09:42:52+00:00\",\"breadcrumb\":{\"@id\":\"https:\\\/\\\/villena.salesianos.edu\\\/instalaciones\\\/patio-colegio\\\/#breadcrumb\"},\"inLanguage\":\"es\",\"potentialAction\":[{\"@type\":\"ReadAction\",\"target\":[\"https:\\\/\\\/villena.salesianos.edu\\\/instalaciones\\\/patio-colegio\\\/\"]}]},{\"@type\":\"BreadcrumbList\",\"@id\":\"https:\\\/\\\/villena.salesianos.edu\\\/instalaciones\\\/patio-colegio\\\/#breadcrumb\",\"itemListElement\":[{\"@type\":\"ListItem\",\"position\":1,\"name\":\"Portada\",\"item\":\"https:\\\/\\\/villena.salesianos.edu\\\/instalaciones\\\/\"},{\"@type\":\"ListItem\",\"position\":2,\"name\":\"Patio Colegio\"}]},{\"@type\":\"WebSite\",\"@id\":\"https:\\\/\\\/villena.salesianos.edu\\\/instalaciones\\\/#website\",\"url\":\"https:\\\/\\\/villena.salesianos.edu\\\/instalaciones\\\/\",\"name\":\"Instalaciones\",\"description\":\"P\u00e1gina oficial Iglesia Salesianos Villena\",\"potentialAction\":[{\"@type\":\"SearchAction\",\"target\":{\"@type\":\"EntryPoint\",\"urlTemplate\":\"https:\\\/\\\/villena.salesianos.edu\\\/instalaciones\\\/?s={search_term_string}\"},\"query-input\":{\"@type\":\"PropertyValueSpecification\",\"valueRequired\":true,\"valueName\":\"search_term_string\"}}],\"inLanguage\":\"es\"}]}<\/script>\n<!-- \/ Yoast SEO plugin. -->","yoast_head_json":{"title":"Patio Colegio - Instalaciones","robots":{"index":"index","follow":"follow","max-snippet":"max-snippet:-1","max-image-preview":"max-image-preview:large","max-video-preview":"max-video-preview:-1"},"canonical":"https:\/\/villena.salesianos.edu\/instalaciones\/patio-colegio\/","og_locale":"es_ES","og_type":"article","og_title":"Patio Colegio - Instalaciones","og_description":"Patio del Colegio &nbsp; Amplio patio remodelado en el cruso 2016-2017 con motivo de la celebraci\u00f3n del Centenario de la presencia de los Salesianos en Villena. Disponemos de 3 pistas de f\u00fatbol sala, un front\u00f3n, una pista de baloncesto, 5 de minibasket, una pista de bal\u00f3n prisionero, aseos, p\u00f3rtico y zona cubierta con una pista [&hellip;]","og_url":"https:\/\/villena.salesianos.edu\/instalaciones\/patio-colegio\/","og_site_name":"Instalaciones","article_modified_time":"2018-04-11T09:42:52+00:00","twitter_card":"summary_large_image","twitter_misc":{"Tiempo de lectura":"2 minutos"},"schema":{"@context":"https:\/\/schema.org","@graph":[{"@type":"WebPage","@id":"https:\/\/villena.salesianos.edu\/instalaciones\/patio-colegio\/","url":"https:\/\/villena.salesianos.edu\/instalaciones\/patio-colegio\/","name":"Patio Colegio - Instalaciones","isPartOf":{"@id":"https:\/\/villena.salesianos.edu\/instalaciones\/#website"},"datePublished":"2017-10-11T13:39:32+00:00","dateModified":"2018-04-11T09:42:52+00:00","breadcrumb":{"@id":"https:\/\/villena.salesianos.edu\/instalaciones\/patio-colegio\/#breadcrumb"},"inLanguage":"es","potentialAction":[{"@type":"ReadAction","target":["https:\/\/villena.salesianos.edu\/instalaciones\/patio-colegio\/"]}]},{"@type":"BreadcrumbList","@id":"https:\/\/villena.salesianos.edu\/instalaciones\/patio-colegio\/#breadcrumb","itemListElement":[{"@type":"ListItem","position":1,"name":"Portada","item":"https:\/\/villena.salesianos.edu\/instalaciones\/"},{"@type":"ListItem","position":2,"name":"Patio Colegio"}]},{"@type":"WebSite","@id":"https:\/\/villena.salesianos.edu\/instalaciones\/#website","url":"https:\/\/villena.salesianos.edu\/instalaciones\/","name":"Instalaciones","description":"P\u00e1gina oficial Iglesia Salesianos Villena","potentialAction":[{"@type":"SearchAction","target":{"@type":"EntryPoint","urlTemplate":"https:\/\/villena.salesianos.edu\/instalaciones\/?s={search_term_string}"},"query-input":{"@type":"PropertyValueSpecification","valueRequired":true,"valueName":"search_term_string"}}],"inLanguage":"es"}]}},"_links":{"self":[{"href":"https:\/\/villena.salesianos.edu\/instalaciones\/wp-json\/wp\/v2\/pages\/3588","targetHints":{"allow":["GET"]}}],"collection":[{"href":"https:\/\/villena.salesianos.edu\/instalaciones\/wp-json\/wp\/v2\/pages"}],"about":[{"href":"https:\/\/villena.salesianos.edu\/instalaciones\/wp-json\/wp\/v2\/types\/page"}],"author":[{"embeddable":true,"href":"https:\/\/villena.salesianos.edu\/instalaciones\/wp-json\/wp\/v2\/users\/2"}],"replies":[{"embeddable":true,"href":"https:\/\/villena.salesianos.edu\/instalaciones\/wp-json\/wp\/v2\/comments?post=3588"}],"version-history":[{"count":2,"href":"https:\/\/villena.salesianos.edu\/instalaciones\/wp-json\/wp\/v2\/pages\/3588\/revisions"}],"predecessor-version":[{"id":3612,"href":"https:\/\/villena.salesianos.edu\/instalaciones\/wp-json\/wp\/v2\/pages\/3588\/revisions\/3612"}],"wp:attachment":[{"href":"https:\/\/villena.salesianos.edu\/instalaciones\/wp-json\/wp\/v2\/media?parent=3588"}],"curies":[{"name":"wp","href":"https:\/\/api.w.org\/{rel}","templated":true}]}}